{"id":710,"date":"2021-01-13T11:03:33","date_gmt":"2021-01-13T10:03:33","guid":{"rendered":"https:\/\/scs-kasse24.de\/?post_type=product&#038;p=710"},"modified":"2021-11-18T08:23:59","modified_gmt":"2021-11-18T07:23:59","slug":"wincor-nixdorf-ba91","status":"publish","type":"product","link":"https:\/\/scs-computer-service.de\/en\/product\/wincor-nixdorf-ba91\/","title":{"rendered":"01750256913 Wincor Nixdorf BA90"},"content":{"rendered":"<div>\n<div>\n<p><span style=\"color: #333333; font-family: Open Sans, serif;\">Der BA90 mit seinem d\u00fcnnen rahmenlosen Design und einem robusten Aluminium-Geh\u00e4use\u00a0 <\/span>zur<\/p>\n<p>Verwendung als\u00a0\u00a0 Kundenanzeige oder Bedieneranzeige f\u00fcr moderne POPS-Anwendungen<\/p>\n<p>Der BA90 besitzt die Wincor Nixdorf entfernen PanelLink2 \u2122 Schnittstelle. Diese erm\u00f6glicht<\/p>\n<p><span style=\"color: #333333; font-family: Open Sans, serif;\">den Betrieb des Bildschirms mit einer Ein-Kabel-L\u00f6sung. Werden werden auch die im\u00a0<\/span><\/p>\n<p><span style=\"color: #333333; font-family: Open Sans, serif;\">POS-Verst\u00e4ndnisse Standardschnittstellen PoweredUSB, DVI und VGA-Einstellungen.<\/span><\/p>\n<p>Neu und Original Verpackung<\/p>\n<p>&nbsp;<\/p>\n<\/div>\n<\/div>\n<div>\n<p>Zus\u00e4tzlich werden auch die im POS Umfeld \u00fcblichen Standardschnittstellen Powered-USB, DVI und VGA unterst\u00fctzt. <b>ohne Standfu\u00df , ohne Anschlusskabel <\/b><\/p>\n<table>\n<tbody>\n<tr>\n<td>Hersteller<\/td>\n<td>Wincor Nixdorf<\/td>\n<\/tr>\n<tr>\n<td>Modell<\/td>\n<td>BA90<\/td>\n<\/tr>\n<tr>\n<td>Wird von folgenden<\/p>\n<p>Betriebssystemen unterst\u00fctzt<\/td>\n<td>Windows 7 (32-bit or 64-bit),Windows Vista with Service Pack 1 or 2 (32-bit or 64-bit),<br \/>\nWindows XP Home or Professional (including Tablet edition) with Service Pack 2 or 3,<br \/>\nWindows 2000 with Service Pack 4<\/td>\n<\/tr>\n<tr>\n<td>Display Gr\u00f6\u00dfe<\/td>\n<td>8 Zoll (diagonal)<\/td>\n<\/tr>\n<tr>\n<td>Zeichendarstellung<\/td>\n<td>Farbe LCD<\/td>\n<\/tr>\n<tr>\n<td>Aufl\u00f6sung<\/td>\n<td>800 RGB (H) x 600 (V)<\/td>\n<\/tr>\n<tr>\n<td>Anzahl Farben<\/td>\n<td>16,7 Mio<\/td>\n<\/tr>\n<tr>\n<td>Ablesewinkel (\u00b0)<\/td>\n<td>70 \/ 70 (H) \/ 50 \/ 50 (V)<\/td>\n<\/tr>\n<tr>\n<td>Format<\/td>\n<td>4:3<\/td>\n<\/tr>\n<tr>\n<td>Helligkeit (cd\/m\u00b2)<\/td>\n<td>pc-Touch: 200 \/ non-Touch: 210<\/td>\n<\/tr>\n<tr>\n<td>Kontrast<\/td>\n<td>500:1<\/td>\n<\/tr>\n<tr>\n<td>Stromverbrauch<\/td>\n<td>Typ.4,44 W<\/td>\n<\/tr>\n<tr>\n<td>Standby<\/td>\n<td>&lt; 0,5 W<\/td>\n<\/tr>\n<tr>\n<td>Betriebstemperatur (\u00b0C)<\/td>\n<td>5 bis +40<\/td>\n<\/tr>\n<tr>\n<td>Diplay-Farbe<\/td>\n<td>silber<\/td>\n<\/tr>\n<tr>\n<td>Schnittstelle<\/td>\n<td>PanelLink2\u2122, DVI-I, USB-B, Power-jack<\/td>\n<\/tr>\n<tr>\n<td>Spannungsversorgung<\/td>\n<td>12VDC ( Power USB oder externen 12V Netzteil)<\/td>\n<\/tr>\n<tr>\n<td>Installation<\/td>\n<td>VESA 75 Halterung<\/td>\n<\/tr>\n<tr>\n<td>Abmessungen<\/td>\n<td>H\u00f6he : 264 mm Breite: 183,6 mm Tiefe: 33 mm<\/td>\n<\/tr>\n<\/tbody>\n<\/table>\n<div><\/div>\n<div><\/div>\n<div><\/div>\n<\/div>","protected":false},"excerpt":{"rendered":"<p>NEU+OVP<\/p>\n<p>(01750268277) 10,1&#8243; mit PcTouch, LCD Wide Display,<\/p>","protected":false},"featured_media":711,"comment_status":"closed","ping_status":"closed","template":"","meta":[],"_links":{"self":[{"href":"https:\/\/scs-computer-service.de\/en\/wp-json\/wp\/v2\/product\/710"}],"collection":[{"href":"https:\/\/scs-computer-service.de\/en\/wp-json\/wp\/v2\/product"}],"about":[{"href":"https:\/\/scs-computer-service.de\/en\/wp-json\/wp\/v2\/types\/product"}],"replies":[{"embeddable":true,"href":"https:\/\/scs-computer-service.de\/en\/wp-json\/wp\/v2\/comments?post=710"}],"wp:featuredmedia":[{"embeddable":true,"href":"https:\/\/scs-computer-service.de\/en\/wp-json\/wp\/v2\/media\/711"}],"wp:attachment":[{"href":"https:\/\/scs-computer-service.de\/en\/wp-json\/wp\/v2\/media?parent=710"}],"curies":[{"name":"wp","href":"https:\/\/api.w.org\/{rel}","templated":true}]}}