{"id":706,"date":"2021-01-13T10:46:16","date_gmt":"2021-01-13T09:46:16","guid":{"rendered":"https:\/\/scs-kasse24.de\/?post_type=product&#038;p=706"},"modified":"2023-03-02T14:15:39","modified_gmt":"2023-03-02T13:15:39","slug":"wincor-nixdorf-beetle-m-ii-plus-mit-raid","status":"publish","type":"product","link":"https:\/\/scs-computer-service.de\/en\/product\/wincor-nixdorf-beetle-m-ii-plus-mit-raid\/","title":{"rendered":"01750238066 Wincor Nixdorf Beetle M-II plus mit Raid"},"content":{"rendered":"<h3>Wincor NIXDORF BEETLE M-II plus MODULARES POS SYSTEM<\/h3>\n<p>NIEDRIGSTE BETRIEBSKOSTEN MIT MULTI-MODULAREM, STAUBDICHTEM SYSTEMDESIGN<\/p>\n<p>Die Beetle M-II plus verwendet den neusten Intel- Prozessor, dadurch ist ist sie einer der Leistungsst\u00e4rksten aber auch Stromsparendsten POS Systemen. Je h\u00f6her die Leistung der Beetle M-II plus desto niedriger ist der Stromverbrauch bis \u00fcber 30%. Das Netzteil erf\u00fcllt die strengen Auflagen der<b> 80 PLUS BRONZE UMWELTNORM. <\/b>Wie alle Wincor Nixdorf Kassensysteme , besitzt auch die Beelte M-II plus ein offenes Linux\/Windows System die f\u00fcr eine individuelle Gestaltung und es erm\u00f6glicht mehrere Anwendungen gleichzeitig zu benutzen. Da die Beelte M-II plus ist nicht nur Umweltschonend senkt sie auch Ihre Betriebskosten. Durch die Benutzerfreundliche Handhabung der Beetle M-II plus gibt es hierf\u00fcr zahlreichen Konfigurations M\u00f6glichkeiten.<\/p>\n<p>&nbsp;<\/p>\n<p>&nbsp;<\/p>\n<table>\n<tbody>\n<tr>\n<td>ANWENDUNG<\/td>\n<td>Frontend-Kassensystem , Kiosk-L\u00f6sung, Informations-\/Service-Terminal<\/td>\n<\/tr>\n<tr>\n<td>Controller<\/td>\n<td>Raidcontroller Fast Track TX2560<\/td>\n<\/tr>\n<tr>\n<td>PROZESSOR<\/td>\n<td>Intel Pentium Dual Core E7400 \/ 2. 80 GHz\/2m\/800\/06<\/td>\n<\/tr>\n<tr>\n<td>HAUPTSPEICHER<\/td>\n<td>4 GB DDR3 RAM<\/td>\n<\/tr>\n<tr>\n<td>Festplatte<\/td>\n<td>1x Festplatte \u00e1 500GB SATA<\/td>\n<\/tr>\n<tr>\n<td>SCHNITTSTELLEN<\/td>\n<td>RS232 (Standard\/Powered): 1-3<\/p>\n<p>USB (Vorder-\/R\u00fcckseite): 2\/2<\/p>\n<p>PoweredUSB (12V\/24V) 2\/1<\/p>\n<p>Tastatur\/Maus (PS\/2)<\/p>\n<p>Audio<\/p>\n<p>DVI-I Anschluss<\/p>\n<p>Ethernet LAN: 10\/100\/1000<\/p>\n<p>Geldlade<\/td>\n<\/tr>\n<tr>\n<td>Zus\u00e4tzliche Schnittstellen<\/td>\n<td>RS232 (Standard\/Powered): 1\/2<\/td>\n<\/tr>\n<tr>\n<td>SYSTEMMANAGEMENT<\/td>\n<td>BEETLEINFO (Desktop Management)<\/p>\n<p>Desktop Management Interface (DMI)<br \/>\nPreboot Execution Environment (PXE)<br \/>\nAdvanced Power Management (APM)<br \/>\nAdvanced Configuration and Power Interface (ACPI)<br \/>\nWake on LAN (WoL)<br \/>\nSystem Management BIOS (SMBIOS)<\/td>\n<\/tr>\n<tr>\n<td>Abmessung<\/td>\n<td>Breite:\u00a0 280 mm<\/p>\n<p>Tiefe:\u00a0 \u00a0 310 mm<\/p>\n<p>H\u00f6he:\u00a0 \u00a0125 mm<\/td>\n<\/tr>\n<\/tbody>\n<\/table>","protected":false},"excerpt":{"rendered":"<p>Neu und OVP<\/p>\n<p>1X 500 HDD<\/p>","protected":false},"featured_media":707,"comment_status":"open","ping_status":"closed","template":"","meta":[],"_links":{"self":[{"href":"https:\/\/scs-computer-service.de\/en\/wp-json\/wp\/v2\/product\/706"}],"collection":[{"href":"https:\/\/scs-computer-service.de\/en\/wp-json\/wp\/v2\/product"}],"about":[{"href":"https:\/\/scs-computer-service.de\/en\/wp-json\/wp\/v2\/types\/product"}],"replies":[{"embeddable":true,"href":"https:\/\/scs-computer-service.de\/en\/wp-json\/wp\/v2\/comments?post=706"}],"wp:featuredmedia":[{"embeddable":true,"href":"https:\/\/scs-computer-service.de\/en\/wp-json\/wp\/v2\/media\/707"}],"wp:attachment":[{"href":"https:\/\/scs-computer-service.de\/en\/wp-json\/wp\/v2\/media?parent=706"}],"curies":[{"name":"wp","href":"https:\/\/api.w.org\/{rel}","templated":true}]}}