{"id":422,"date":"2020-10-09T13:51:17","date_gmt":"2020-10-09T11:51:17","guid":{"rendered":"https:\/\/scs-kasse24.de\/?post_type=product&#038;p=422"},"modified":"2021-11-18T08:24:36","modified_gmt":"2021-11-18T07:24:36","slug":"wincor-nixdorf-ba91w-01750268277-101-mit-pctouch-lcd-wide-display-neuovp","status":"publish","type":"product","link":"https:\/\/scs-computer-service.de\/en\/product\/wincor-nixdorf-ba91w-01750268277-101-mit-pctouch-lcd-wide-display-neuovp\/","title":{"rendered":"01750268277 Wincor Nixdorf BA91W"},"content":{"rendered":"<div>\n<h3>Wincor Nixdorf BA91W<\/h3>\n<p>Der BA91W ist ein 10.1\u201d Bediener-\/Kundenbildschirm f\u00fcr moderne POS Anwendungen.<\/p>\n<p>Mit einem d\u00fcnnen rahmenlosen Design und einem robusten Aluminium-Geh\u00e4use, ist der BA91W mit projiziert-kapazitivem Touch (10 Multi-Touch Punkte unterst\u00fctzt) ausgestattet. Eine non-Touch Version zur Verwendung als reine Kundenanzeige steht ebenfalls zur Verf\u00fcgung.<\/p>\n<p>Der Bildschirm bietet zudem ein perfektes Design f\u00fcr Werbung oder verkaufsf\u00f6rdernde Videos im 16:10 Format.<br \/>\nDer BA91W besitzt die von Wincor Nixdorf entwickelte PanelLink2TM Schnittstelle, diese erm\u00f6glicht den Betrieb des Bildschirmes mit einer Ein-Kabel-L\u00f6sung.<\/p>\n<\/div>\n<div>\n<p>Zus\u00e4tzlich werden auch die im POS Umfeld \u00fcblichen Standardschnittstellen Powered-USB, DVI und VGA unterst\u00fctzt. <b>ohne Standfu\u00df , ohne Anschlusskabel <\/b><\/p>\n<table>\n<tbody>\n<tr>\n<td>Hersteller<\/td>\n<td>Wincor Nixdorf<\/td>\n<\/tr>\n<tr>\n<td>Modell<\/td>\n<td>BA91w<\/td>\n<\/tr>\n<tr>\n<td>Touch<\/td>\n<td>PCT Touch<\/td>\n<\/tr>\n<tr>\n<td>Display Gr\u00f6\u00dfe<\/td>\n<td>10,1 Zoll (diagonal)<\/td>\n<\/tr>\n<tr>\n<td>Zeichendarstellung<\/td>\n<td>Farbe LCD<\/td>\n<\/tr>\n<tr>\n<td>Aufl\u00f6sung<\/td>\n<td>1280 RGB (H) x 800 (V)<\/td>\n<\/tr>\n<tr>\n<td>Anzahl Farben<\/td>\n<td>16,7 Mio<\/td>\n<\/tr>\n<tr>\n<td>Ablesewinkel (\u00b0)<\/td>\n<td>70 \/ 70 (H) \/ 50 \/ 70 (V)<\/td>\n<\/tr>\n<tr>\n<td>Format<\/td>\n<td>16:10<\/td>\n<\/tr>\n<tr>\n<td>Helligkeit (cd\/m\u00b2)<\/td>\n<td>Pc-Touch: 200 \/ non-Touch: 210<\/td>\n<\/tr>\n<tr>\n<td>Kontrast<\/td>\n<td>500:1<\/td>\n<\/tr>\n<tr>\n<td>Stromverbrauch<\/td>\n<td>Typ.4,44 W<\/td>\n<\/tr>\n<tr>\n<td>Standby<\/td>\n<td>&lt; 0,5 W<\/td>\n<\/tr>\n<tr>\n<td>Betriebstemperatur (\u00b0C)<\/td>\n<td>5 bis +40<\/td>\n<\/tr>\n<tr>\n<td>Diplay-Farbe<\/td>\n<td>silber<\/td>\n<\/tr>\n<tr>\n<td>Schnittstelle<\/td>\n<td>PanelLink2\u2122, DVI-I, USB-B, Power-jack<\/td>\n<\/tr>\n<tr>\n<td>Spannungsversorgung<\/td>\n<td>12VDC ( Power USB oder externen 12V Netzteil)<\/td>\n<\/tr>\n<tr>\n<td>Installation<\/td>\n<td>VESA 75 Halterung<\/td>\n<\/tr>\n<tr>\n<td>Abmessungen<\/td>\n<td>H\u00f6he : 264 mm Breite: 183,6 mm Tiefe: 33 mm<\/td>\n<\/tr>\n<\/tbody>\n<\/table>\n<div><\/div>\n<div><\/div>\n<div><\/div>\n<\/div>","protected":false},"excerpt":{"rendered":"<p><strong>(01750268277) 10,1&#8243; mit PcTouch, LCD Wide Display, NEU+OVP<\/strong><\/p>","protected":false},"featured_media":423,"comment_status":"closed","ping_status":"closed","template":"","meta":[],"_links":{"self":[{"href":"https:\/\/scs-computer-service.de\/en\/wp-json\/wp\/v2\/product\/422"}],"collection":[{"href":"https:\/\/scs-computer-service.de\/en\/wp-json\/wp\/v2\/product"}],"about":[{"href":"https:\/\/scs-computer-service.de\/en\/wp-json\/wp\/v2\/types\/product"}],"replies":[{"embeddable":true,"href":"https:\/\/scs-computer-service.de\/en\/wp-json\/wp\/v2\/comments?post=422"}],"wp:featuredmedia":[{"embeddable":true,"href":"https:\/\/scs-computer-service.de\/en\/wp-json\/wp\/v2\/media\/423"}],"wp:attachment":[{"href":"https:\/\/scs-computer-service.de\/en\/wp-json\/wp\/v2\/media?parent=422"}],"curies":[{"name":"wp","href":"https:\/\/api.w.org\/{rel}","templated":true}]}}