{"id":409,"date":"2020-10-09T11:44:15","date_gmt":"2020-10-09T09:44:15","guid":{"rendered":"https:\/\/scs-kasse24.de\/?post_type=product&#038;p=409"},"modified":"2022-03-14T12:10:44","modified_gmt":"2022-03-14T11:10:44","slug":"diebold-nixdorf-k-two-interaktiver-kiosk","status":"publish","type":"product","link":"https:\/\/scs-computer-service.de\/en\/product\/diebold-nixdorf-k-two-interaktiver-kiosk\/","title":{"rendered":"01750299107 Diebold Nixdorf K-two Interaktiver Kiosk"},"content":{"rendered":"<h2>Diebold Nixdorf K-two Interaktiver Kiosk<\/h2>\n<h2><strong>BESSERER SERVICE \u2013 MEHR UMSATZ\u00a0 UND VIELF\u00c4LTIGERE KUNDENANGEBOTE\u00a0 DURCH DEN K-TWO<\/strong><\/h2>\n<div>Verbraucher m\u00f6chten bei ihren Eink\u00e4ufen in der Filiale bequemer und intuitiver auf Informationen\u00a0 zugreifen k\u00f6nnen. \u201eHeute glauben 56 Prozent der Verbraucher, dass Technologie ihre Shopping-Erfahrung besser macht.<\/div>\n<div>W\u00e4hrend immer noch 90 Prozent der Transaktionen in der Filiale abgeschlossen\u00a0 werden, m\u00fcssen station\u00e4re Einzelh\u00e4ndler dem Einfluss der digitalen und Online-Kan\u00e4le zuvorkommen,\u00a0 indem sie interaktive Technologien einsetzen.\u201c*<\/div>\n<div>Verschaffen Sie Ihrem Filialnetz einen Vorteil gegen\u00fcber Ihren Wettbewerbern: Mit dem K-two, unserem interaktiven Kioskterminal, unterst\u00fctzen Sie Ihre\u00a0 Kunden bei ihrem Filialbesuch \u2013 schnell und reibungslos.<\/div>\n<div>Diese bedienerfreundliche, robuste und flexible L\u00f6sung l\u00e4sst sich leicht an sich ver\u00e4ndernde Gesch\u00e4ftsanforderungen und Verbraucherbed\u00fcrfnisse\u00a0 anpassen. Sie bietet Funktionen f\u00fcr Bestellservice, weiterf\u00fchrende Produktinformationen, Ticket- und Lottoterminal bis hin zum Self-Checkout<\/div>\n<div><\/div>\n<div>\n<p>Hersteller:\u00a0 Diebold Nixdorf<br \/>\nModell: K-two<br \/>\nProzessor: Intel i5-4570TE<br \/>\nAnschl\u00fcsse: 4x USB 2.0, 3x PUSB 12V, 1x PUSB 24V, COM1, COM3, VGA, PS\/2, LAN, 2x USB 3.0, 2x Plink Port, 1x DC Power IN 24V<br \/>\nsonstige Anschl\u00fcsse:\u00a0 Power OUT 5V\/ 12V\/ 24V fused, Power OUT 5V\/ 12V\/ 24V unfused, 2x Power OUT 12V fused, Audio IN, OUT, MIC.<br \/>\nFestplatte:\u00a0 128GB M.2 SSD<br \/>\nArbeitsspeicher: 8GB RAM (max. 16GB)<br \/>\nNetzwerk: 10\/100\/1000 Gigabit Adapter<br \/>\nMonitor: 22\u201d LCD TFT Multi Touch Bildschirm<br \/>\nAufl\u00f6sung:\u00a0 16:9 Full HD-Aufl \u00f6sung 1.920&#215;1.080<br \/>\nTouch:\u00a0 Multi-Touch,<br \/>\nBetriebssystem: Windows 8 Embedded (64Bit)<br \/>\nDrucker: &#8212; TH230 USB<br \/>\nAbmessungen:\u00a0 H\u00f6he (mit Standfu\u00df): 1705mm<br \/>\n(ohne Standfu\u00df): 855mm<br \/>\nBreite: 441mm<br \/>\nTiefe: 167mm<br \/>\nGewicht (mit Standfu\u00df): ca. 52 kg<br \/>\n(ohne Standfu\u00df): ca. 36 kg<\/p>\n<\/div>","protected":false},"excerpt":{"rendered":"<p>Neu+ OVP<\/p>","protected":false},"featured_media":724,"comment_status":"closed","ping_status":"closed","template":"","meta":[],"_links":{"self":[{"href":"https:\/\/scs-computer-service.de\/en\/wp-json\/wp\/v2\/product\/409"}],"collection":[{"href":"https:\/\/scs-computer-service.de\/en\/wp-json\/wp\/v2\/product"}],"about":[{"href":"https:\/\/scs-computer-service.de\/en\/wp-json\/wp\/v2\/types\/product"}],"replies":[{"embeddable":true,"href":"https:\/\/scs-computer-service.de\/en\/wp-json\/wp\/v2\/comments?post=409"}],"wp:featuredmedia":[{"embeddable":true,"href":"https:\/\/scs-computer-service.de\/en\/wp-json\/wp\/v2\/media\/724"}],"wp:attachment":[{"href":"https:\/\/scs-computer-service.de\/en\/wp-json\/wp\/v2\/media?parent=409"}],"curies":[{"name":"wp","href":"https:\/\/api.w.org\/{rel}","templated":true}]}}