{"id":16,"date":"2020-09-17T14:59:24","date_gmt":"2020-09-17T12:59:24","guid":{"rendered":"https:\/\/scs-kasse24.de\/produkt\/import-placeholder-for-58\/"},"modified":"2025-11-20T17:23:24","modified_gmt":"2025-11-20T16:23:24","slug":"wincor-nixdorf-pos-tastatur-ta61-2","status":"publish","type":"product","link":"https:\/\/scs-computer-service.de\/en\/product\/wincor-nixdorf-pos-tastatur-ta61-2\/","title":{"rendered":"Wincor Nixdorf POS Tastatur TA61-2"},"content":{"rendered":"<p><b>Produktinformationen TA61-2<\/b><\/p>\n<p><span style=\"color: #333333;\"><span style=\"font-family: Open Sans, serif;\">Hauptmerkmale<br \/>\n60 Tasten<br \/>\n14 numerisch (Nummern-Block)<br \/>\n46 Funktionstasten<br \/>\nSchl\u00fcsselschalter 6 Positionen<br \/>\ntypisches Einsatzgebiet: Klassische Abverkaufsl\u00f6sungen mit text orientierten\u00a0Anwendungen<\/span><\/span><\/p>\n<h3><b>Highlights<\/b><\/h3>\n<h3><\/h3>\n<p><span style=\"color: #333333; font-family: Open Sans, serif;\">Schl\u00fcsselschalter \u201e6 Positionen (Grundstellung,4 x Kunden, 1 x Service)<\/span><br \/>\n<span style=\"color: #333333; font-family: Open Sans, serif;\">Optional : 3-Spur-Magnetkartenleser<\/span><br \/>\n<span style=\"color: #333333; font-family: Open Sans, serif;\">Optional Adaption f\u00fcr Anzeigen BA63, BA66<\/span><\/p>\n<p><b>Neu und Original Verpackung,<br \/>\nmit Anschlusskabel<\/b><\/p>\n<p>Die Diebold Nixdorf Kassentastaturen sind Qualit\u00e4tsprodukte, entwickelt f\u00fcr den professionellen und langlebigen Einsatz am Kassenarbeitsplatz. Dies betrifft im Besonderen die Robustheit, Zuverl\u00e4ssigkeit, den geringen Platzbedarf, das ergonomische Design, die Ber\u00fccksichtigung internationaler Standards und die Multifunktionalitat.<\/p>\n<p>&nbsp;<\/p>\n<p>&nbsp;<\/p>\n<table style=\"height: 1407px;\" width=\"554\">\n<tbody>\n<tr>\n<td>Tastenprinzip<\/td>\n<td>Schaltfolie mit Kontaktmatte<\/td>\n<\/tr>\n<tr>\n<td>Eingabesequenz<\/td>\n<td>Two-Key-Rollover<\/td>\n<\/tr>\n<tr>\n<td>Tastenfelder\/-anzahl<\/td>\n<td>numerisch: 14 ,Funktionstasten: 46<\/td>\n<\/tr>\n<tr>\n<td>Tastenmatrix<\/td>\n<td>5 x 12<\/td>\n<\/tr>\n<tr>\n<td>Tastenraster<\/td>\n<td>19 x 19 mm<\/td>\n<\/tr>\n<tr>\n<td>System-LEDs<\/td>\n<td>nein<\/td>\n<\/tr>\n<tr>\n<td>Systemanschluss<\/td>\n<td>PS\/2-Mini-DIN-Stecker (6-pol.)<\/td>\n<\/tr>\n<tr>\n<td>Anschluss 2. Tastatur<\/td>\n<td>nein<\/td>\n<\/tr>\n<tr>\n<td>Magnetkartenleser<\/td>\n<td>3-Spur-Magnetkartenleser (optional)<\/td>\n<\/tr>\n<tr>\n<td>Schl\u00fcsselschalter<\/td>\n<td>6 Positionen (Grundstellung, 4 x Kunden, 1 x Service)<\/td>\n<\/tr>\n<tr>\n<td>Optional Adaptierbare Anzeigen<\/td>\n<td>BA63 ; BA66<\/td>\n<\/tr>\n<tr>\n<td>Spannungsversorgung<\/td>\n<td>5 V, max. 60mA<\/td>\n<\/tr>\n<tr>\n<td>Abmessungen (H x B x T)<\/td>\n<td>280 x 175 x 50 mm<\/td>\n<\/tr>\n<tr>\n<td>Anschlusskabel<\/td>\n<td>PS\/2, 1 Meter<\/td>\n<\/tr>\n<tr>\n<td>Beipack mit folgen dem Inhalt<\/td>\n<td>1x Tastenkappe 3-fach \u201c0&#8243;<br \/>\n1x Tastenkappe 2-fach \u201c0&#8243;<br \/>\n1x Tastenkappe 1-fach \u201c00&#8243;<br \/>\n2x Wechseltasten 4-fach<br \/>\n6 x Wechseltasten 2-fach<br \/>\n46x Klarsichtpl\u00e4ttchen<br \/>\nBeschriftungsbogen<br \/>\n1x Tastenkappenabzieher<br \/>\n1x Schl\u00fcsselsatz<\/td>\n<\/tr>\n<tr>\n<td>Programmierbare Tastencodes<\/td>\n<td>nein<\/td>\n<\/tr>\n<\/tbody>\n<\/table>\n<p>&nbsp;<\/p>\n<p>&nbsp;<\/p>","protected":false},"excerpt":{"rendered":"<p>(01750130616) lichtgrau Neu + OVP<\/p>","protected":false},"featured_media":719,"comment_status":"open","ping_status":"closed","template":"","meta":[],"_links":{"self":[{"href":"https:\/\/scs-computer-service.de\/en\/wp-json\/wp\/v2\/product\/16"}],"collection":[{"href":"https:\/\/scs-computer-service.de\/en\/wp-json\/wp\/v2\/product"}],"about":[{"href":"https:\/\/scs-computer-service.de\/en\/wp-json\/wp\/v2\/types\/product"}],"replies":[{"embeddable":true,"href":"https:\/\/scs-computer-service.de\/en\/wp-json\/wp\/v2\/comments?post=16"}],"wp:featuredmedia":[{"embeddable":true,"href":"https:\/\/scs-computer-service.de\/en\/wp-json\/wp\/v2\/media\/719"}],"wp:attachment":[{"href":"https:\/\/scs-computer-service.de\/en\/wp-json\/wp\/v2\/media?parent=16"}],"curies":[{"name":"wp","href":"https:\/\/api.w.org\/{rel}","templated":true}]}}