{"id":14,"date":"2020-09-17T14:59:24","date_gmt":"2020-09-17T12:59:24","guid":{"rendered":"https:\/\/scs-kasse24.de\/produkt\/import-placeholder-for-47\/"},"modified":"2021-11-18T08:26:11","modified_gmt":"2021-11-18T07:26:11","slug":"datalogic-single-slot-dock","status":"publish","type":"product","link":"https:\/\/scs-computer-service.de\/en\/product\/datalogic-single-slot-dock\/","title":{"rendered":"Datalogic Single Slot Dock"},"content":{"rendered":"<h3>Datalogic MEMOR X3 Mobiler Computer<\/h3>\n<div>\n<div>\n<div>Der Datalogic Memor X3 ist ein auf Windows basierender Mobile Computer im Taschenformat. Er ist leicht, kompakt, robust und vielseitig einsetzbar. Die exzellenten drahtlosen Kommunikationsm\u00f6glichkeiten des Memor X3 Terminal sind mit einem leistungsf\u00e4higen Barcodeleser in einem Ger\u00e4t kombiniert. Er ist die L\u00f6sung f\u00fcr jegliche Anwendungsgebiete, die Robustheit, kompakte Abmessungen und eine \u201cOpen System\u201d Kompatibilit\u00e4t erfordern.<\/div>\n<div><\/div>\n<div>Einsatzgebiet<\/div>\n<div>Einzelhandel<\/div>\n<div>Apotheken<\/div>\n<div>Verbraucherm\u00e4rkte<\/div>\n<div>Baum\u00e4rkte<\/div>\n<\/div>\n<div><\/div>\n<\/div>\n<table>\n<tbody>\n<tr>\n<td>Hersteller<\/td>\n<td>Datalogic<\/td>\n<\/tr>\n<tr>\n<td>Modell<\/td>\n<td>Memor und Memor X3<\/td>\n<\/tr>\n<tr>\n<td>Typ<\/td>\n<td>Ladestation<\/td>\n<\/tr>\n<tr>\n<td>Schnitstellen<\/td>\n<td>USB, RS232 Ersatzbatterie-Slot<\/td>\n<\/tr>\n<tr>\n<td>Hersteller-Nummer<\/td>\n<td>94A150058<\/td>\n<\/tr>\n<tr>\n<td>Lieferumfang<\/td>\n<td>OHNE Netzteil, USB Anschlusskabel<\/td>\n<\/tr>\n<\/tbody>\n<\/table>\n<p>&nbsp;<\/p>\n<p>&nbsp;<\/p>\n<p>Der nachfolgende Hinweis richtet sich an diejenigen, die Batterien oder Produkte mit eingebauten Batterien nutzen und in der an sie gelieferten Form nicht mehr weiterver\u00e4u\u00dfern (Endnutzer):<\/p>\n<p>1. Unentgeltliche R\u00fccknahme von Altbatterien<br \/>\nBatterien d\u00fcrfen nicht \u00fcber den Hausm\u00fcll entsorgt werden. Sie sind zur R\u00fcckgabe von Altbatterien gesetzlich verpflichtet, damit eine fachgerechte Entsorgung gew\u00e4hrleistet werden kann. Wir sind als Vertreiber von Batterien zur R\u00fccknahme von Altbatterien verpflichtet, wobei sich unsere R\u00fccknahmeverpflichtung auf Altbatterien der Art beschr\u00e4nkt, die wir als Neubatterien in unserem Sortiment f\u00fchren oder gef\u00fchrt haben. Altbatterien vorgenannter Art k\u00f6nnen Sie daher entweder ausreichend frankiert an uns zur\u00fccksenden oder sie direkt an unserem Versandlager unter der folgenden Adresse unentgeltlich abgeben:<\/p>\n<p>SCS Schreiber Computer Service GmbH<br \/>\nBiberweg 33<br \/>\n53842 Troisdorf<\/p>\n<p>2. Bedeutung der Batteriesymbole<br \/>\nBatterien sind mit dem Symbol einer durchgekreuzten M\u00fclltonne (s. u.) gekennzeichnet. Bei Batterien, die mehr als 0,0005 Masseprozent Quecksilber, mehr als 0,002 Masseprozent Cadmium oder mehr als 0,004 Masseprozent Blei enthalten, befindet sich unter dem M\u00fclltonnen-Symbol die chemische Bezeichnung des jeweils eingesetzten Schadstoffes &#8211; dabei steht &#8222;Cd&#8220; f\u00fcr Cadmium, &#8222;Pb&#8220; steht f\u00fcr Blei, und &#8222;Hg&#8220; f\u00fcr Quecksilber.<\/p>","protected":false},"excerpt":{"rendered":"<p>(94A150058) f\u00fcr Memor und Memor X3, NEU + OVP<\/p>","protected":false},"featured_media":705,"comment_status":"open","ping_status":"closed","template":"","meta":[],"_links":{"self":[{"href":"https:\/\/scs-computer-service.de\/en\/wp-json\/wp\/v2\/product\/14"}],"collection":[{"href":"https:\/\/scs-computer-service.de\/en\/wp-json\/wp\/v2\/product"}],"about":[{"href":"https:\/\/scs-computer-service.de\/en\/wp-json\/wp\/v2\/types\/product"}],"replies":[{"embeddable":true,"href":"https:\/\/scs-computer-service.de\/en\/wp-json\/wp\/v2\/comments?post=14"}],"wp:featuredmedia":[{"embeddable":true,"href":"https:\/\/scs-computer-service.de\/en\/wp-json\/wp\/v2\/media\/705"}],"wp:attachment":[{"href":"https:\/\/scs-computer-service.de\/en\/wp-json\/wp\/v2\/media?parent=14"}],"curies":[{"name":"wp","href":"https:\/\/api.w.org\/{rel}","templated":true}]}}