{"id":933,"date":"2021-11-23T14:47:38","date_gmt":"2021-11-23T13:47:38","guid":{"rendered":"https:\/\/scs-computer-service.de\/?page_id=933"},"modified":"2021-11-26T08:53:43","modified_gmt":"2021-11-26T07:53:43","slug":"leasing","status":"publish","type":"page","link":"https:\/\/scs-computer-service.de\/en\/leasing\/","title":{"rendered":"Leasing"},"content":{"rendered":"<h2 style=\"font-size:25px\"><span>Mit Leasing sparen<\/span><\/h2>\n\n\n\n<p>Durch unsere Partnerschaft mit der Grenke AG, ist es uns m\u00f6glich Ihnen attraktive<\/p>\n\n\n\n<p>Leasingangebote zu unterbreiten.<\/p>\n\n\n\n<p>Mit unserer Konfigurationsliste k\u00f6nnen Sie Ihre Wunschger\u00e4te direkt ausw\u00e4hlen und uns zukommen lassen. <\/p>\n\n\n\n<p>Bitte laden Sie sich das PDF Dokument herunter und senden Sie es dann ausgef\u00fcllt an uns zur\u00fcck. <\/p>\n\n\n\n<p>Sollte Ihre Wunschhardware nicht dabei sein, melden Sie sich bei uns, \u00fcber das Kontakt Formular.<a href=\"https:\/\/scs-computer-service.de\/de\/kontakt\/\" data-type=\"URL\" data-id=\"https:\/\/scs-computer-service.de\/de\/kontakt\/\">https:\/\/scs-computer-service.de\/de\/kontakt\/<\/a><\/p>\n\n\n\n<div class=\"wp-block-file\"><a href=\"https:\/\/scs-computer-service.de\/wp-content\/uploads\/2021\/11\/SCS-konfigurationsliste-fuer-Leasinggeraete.pdf\">SCS konfigurationsliste f\u00fcr Leasingger\u00e4te<\/a><a href=\"https:\/\/scs-computer-service.de\/wp-content\/uploads\/2021\/11\/SCS-konfigurationsliste-fuer-Leasinggeraete.pdf\" class=\"wp-block-file__button\" download>Herunterladen<\/a><\/div>\n\n\n\n<div style=\"height:49px\" aria-hidden=\"true\" class=\"wp-block-spacer\"><\/div>\n\n\n\n<div class=\"wp-block-columns col2575\">\n<div class=\"wp-block-column\" style=\"flex-basis:75%\">\n<h2><span>Vorteile beim Leasing <\/span><\/h2>\n\n\n\n<p><\/p>\n\n\n\n<div class=\"wp-block-columns\">\n<div class=\"wp-block-column\">\n<ul class=\"checkmark-list\"><li>Planungssicherheiten durch feste Monatsraten<\/li><li>Flexible Laufzeiten von 15Monate bis 36 Monate<\/li><li>Stets aktuelle Modelle<\/li><li>Keine teuren Reparaturen<\/li><li>Wartungsvertrag kann \u00fcber den Leasingvertrag abgeschlossen werden<\/li><\/ul>\n<\/div>\n\n\n\n<div class=\"wp-block-column\">\n<ul class=\"checkmark-list\"><li>Unvorhersehbare Risiken tr\u00e4gt die Leasinggesellschaft<\/li><li>Keine Probleme beim Verkauf der Hardware <\/li><li>Als Unternehmer Steuern sparen<\/li><li>Bessere Eigenkapitalquote<\/li><\/ul>\n\n\n\n<p><\/p>\n<\/div>\n<\/div>\n<\/div>\n<\/div>\n\n\n\n<div class=\"wp-block-group alignfull\"><div class=\"wp-block-group__inner-container\">\n<div class=\"wp-block-group alignfull homepage-logo-banner has-background\" style=\"background:linear-gradient(87deg,rgb(220,220,220) 0%,rgb(21,191,171) 100%)\"><div class=\"wp-block-group__inner-container\">\n<div class=\"wp-block-columns full-width-inner\">\n<div class=\"wp-block-column is-vertically-aligned-center\">\n<figure class=\"wp-block-image size-large\"><img loading=\"lazy\" width=\"260\" height=\"120\" src=\"\/wp-content\/uploads\/2020\/09\/logo-wincor-nixdorf-grey.svg\" alt=\"\" class=\"wp-image-208\"\/><\/figure>\n<\/div>\n\n\n\n<div class=\"wp-block-column is-vertically-aligned-center\">\n<figure class=\"wp-block-image size-large\"><img loading=\"lazy\" width=\"500\" height=\"235\" src=\"\/wp-content\/uploads\/2020\/09\/logo-fujitsu-grey.svg\" alt=\"\" class=\"wp-image-207\"\/><\/figure>\n<\/div>\n\n\n\n<div class=\"wp-block-column is-vertically-aligned-center\">\n<figure class=\"wp-block-image size-large\"><img loading=\"lazy\" width=\"119\" height=\"90\" src=\"\/wp-content\/uploads\/2020\/09\/logo-diebold_nixdorf_holding_germany.svg\" alt=\"\" class=\"wp-image-205\"\/><\/figure>\n<\/div>\n\n\n\n<div class=\"wp-block-column is-vertically-aligned-center\">\n<figure class=\"wp-block-image size-large\"><img loading=\"lazy\" width=\"210\" height=\"67\" src=\"\/wp-content\/uploads\/2020\/09\/logo-epson-grey.svg\" alt=\"\" class=\"wp-image-206\"\/><\/figure>\n<\/div>\n\n\n\n<div class=\"wp-block-column is-vertically-aligned-center\">\n<figure class=\"wp-block-image size-large\"><img loading=\"lazy\" width=\"623\" height=\"68\" src=\"\/wp-content\/uploads\/2020\/09\/logo-datalogic.svg\" alt=\"\" class=\"wp-image-204\"\/><\/figure>\n<\/div>\n<\/div>\n<\/div><\/div>\n\n\n\n<div style=\"height:60px\" aria-hidden=\"true\" class=\"wp-block-spacer\"><\/div>\n<\/div><\/div>\n\n\n\n<div class=\"wp-block-columns col2575\">\n<div class=\"wp-block-column\" style=\"flex-basis:25%\"><\/div>\n\n\n\n<div class=\"wp-block-column\" style=\"flex-basis:75%\"><\/div>\n<\/div>\n\n\n\n<p><\/p>","protected":false},"excerpt":{"rendered":"<p>Mit Leasing sparen Durch unsere Partnerschaft mit der Grenke AG, ist es uns m\u00f6glich Ihnen attraktive Leasingangebote zu unterbreiten. Mit unserer Konfigurationsliste k\u00f6nnen Sie Ihre Wunschger\u00e4te direkt ausw\u00e4hlen und uns zukommen lassen. Bitte laden Sie sich das PDF Dokument herunter und senden Sie es dann ausgef\u00fcllt an uns zur\u00fcck. Sollte Ihre Wunschhardware nicht dabei sein, [&hellip;]<\/p>","protected":false},"author":2,"featured_media":934,"parent":0,"menu_order":0,"comment_status":"closed","ping_status":"open","template":"","meta":[],"_links":{"self":[{"href":"https:\/\/scs-computer-service.de\/en\/wp-json\/wp\/v2\/pages\/933"}],"collection":[{"href":"https:\/\/scs-computer-service.de\/en\/wp-json\/wp\/v2\/pages"}],"about":[{"href":"https:\/\/scs-computer-service.de\/en\/wp-json\/wp\/v2\/types\/page"}],"author":[{"embeddable":true,"href":"https:\/\/scs-computer-service.de\/en\/wp-json\/wp\/v2\/users\/2"}],"replies":[{"embeddable":true,"href":"https:\/\/scs-computer-service.de\/en\/wp-json\/wp\/v2\/comments?post=933"}],"version-history":[{"count":10,"href":"https:\/\/scs-computer-service.de\/en\/wp-json\/wp\/v2\/pages\/933\/revisions"}],"predecessor-version":[{"id":961,"href":"https:\/\/scs-computer-service.de\/en\/wp-json\/wp\/v2\/pages\/933\/revisions\/961"}],"wp:featuredmedia":[{"embeddable":true,"href":"https:\/\/scs-computer-service.de\/en\/wp-json\/wp\/v2\/media\/934"}],"wp:attachment":[{"href":"https:\/\/scs-computer-service.de\/en\/wp-json\/wp\/v2\/media?parent=933"}],"curies":[{"name":"wp","href":"https:\/\/api.w.org\/{rel}","templated":true}]}}