{"id":85,"date":"2020-09-17T16:36:22","date_gmt":"2020-09-17T14:36:22","guid":{"rendered":"https:\/\/scs-kasse24.de\/?page_id=85"},"modified":"2021-03-29T08:49:39","modified_gmt":"2021-03-29T06:49:39","slug":"kontakt","status":"publish","type":"page","link":"https:\/\/scs-computer-service.de\/en\/kontakt\/","title":{"rendered":"Contact"},"content":{"rendered":"<h2><span>Wie k\u00f6nnen wir Ihnen am besten helfen?<\/span><\/h2>\n\n\n\n<p>F\u00fcr Fragen bzgl. unserer Serviceleistungen oder Produkte stehen wir Ihnen gerne zur Verf\u00fcgung. Kontaktieren Sie uns direkt \u00fcber die folgenden Kontaktdaten oder benutzen Sie einfach unser Kontaktformular um sich mit uns in Verbindung zu setzen.<\/p>\n\n\n\n<div style=\"height:61px\" aria-hidden=\"true\" class=\"wp-block-spacer\"><\/div>\n\n\n\n<div class=\"wp-block-columns col2575\">\n<div class=\"wp-block-column\" style=\"flex-basis:33.33%\">\n<h2><span>Wir sind f\u00fcr Sie da<\/span><\/h2>\n\n\n\n<p>SCS Schreiber Computer Service GmbH<br>Biberweg 33 (Werkstatt)<br>D-53842 Troisdorf-Spich<\/p>\n\n\n\n<p>E-Mail: <img loading=\"lazy\" width=\"193\" height=\"23\" class=\"wp-image-889\" style=\"width: 195px;\" src=\"https:\/\/scs-computer-service.de\/wp-content\/uploads\/2021\/03\/shop-emailadress.jpg\" alt=\"\" srcset=\"https:\/\/scs-computer-service.de\/wp-content\/uploads\/2021\/03\/shop-emailadress.jpg 193w, https:\/\/scs-computer-service.de\/wp-content\/uploads\/2021\/03\/shop-emailadress-16x2.jpg 16w\" sizes=\"(max-width: 193px) 100vw, 193px\" \/><\/p>\n\n\n\n<p>Tel: <a href=\"tel:+492241403515\" data-type=\"tel\" data-id=\"tel:+492241403515\">+49 (0)2241\/40 35 15<\/a><br>Fax: <a href=\"tel:+492241402489\" data-type=\"tel\" data-id=\"tel:+492241402489\">+49 (0)2241\/40 24 89<\/a><\/p>\n<\/div>\n\n\n\n<div class=\"wp-block-column\" style=\"flex-basis:66.66%\">\n<h2><span>Schreiben Sie uns ganz einfach eine Nachricht<\/span><\/h2>\n\n\n<div role=\"form\" class=\"wpcf7\" id=\"wpcf7-f382-o1\" lang=\"de-DE\" dir=\"ltr\">\n<div class=\"screen-reader-response\"><p role=\"status\" aria-live=\"polite\" aria-atomic=\"true\"><\/p> <ul><\/ul><\/div>\n<form action=\"\/en\/wp-json\/wp\/v2\/pages\/85#wpcf7-f382-o1\" method=\"post\" class=\"wpcf7-form init\" novalidate=\"novalidate\" data-status=\"init\" data-trp-original-action=\"\/en\/wp-json\/wp\/v2\/pages\/85#wpcf7-f382-o1\">\n<div style=\"display: none;\">\n<input type=\"hidden\" name=\"_wpcf7\" value=\"382\" \/>\n<input type=\"hidden\" name=\"_wpcf7_version\" value=\"5.4\" \/>\n<input type=\"hidden\" name=\"_wpcf7_locale\" value=\"de_DE\" \/>\n<input type=\"hidden\" name=\"_wpcf7_unit_tag\" value=\"wpcf7-f382-o1\" \/>\n<input type=\"hidden\" name=\"_wpcf7_container_post\" value=\"0\" \/>\n<input type=\"hidden\" name=\"_wpcf7_posted_data_hash\" value=\"\" \/>\n<input type=\"hidden\" name=\"_wpcf7_recaptcha_response\" value=\"\" \/>\n<\/div>\n<p><label> Ihre Firma (Pflichtfeld)<br \/>\n    <span class=\"wpcf7-form-control-wrap your-company\"><input type=\"text\" name=\"your-company\" value=\"\" size=\"40\" class=\"wpcf7-form-control wpcf7-text wpcf7-validates-as-required\" aria-required=\"true\" aria-invalid=\"false\" \/><\/span> <\/label><\/p>\n<p>Anrede<br \/>\n<span class=\"wpcf7-form-control-wrap radio-708\"><span class=\"wpcf7-form-control wpcf7-radio\" id=\"cf7-radio\"><span class=\"wpcf7-list-item first\"><label><input type=\"radio\" name=\"radio-708\" value=\"Herr\" checked=\"checked\" \/><span class=\"wpcf7-list-item-label\">Herr<\/span><\/label><\/span><span class=\"wpcf7-list-item\"><label><input type=\"radio\" name=\"radio-708\" value=\"Frau\" \/><span class=\"wpcf7-list-item-label\">Frau<\/span><\/label><\/span><span class=\"wpcf7-list-item last\"><label><input type=\"radio\" name=\"radio-708\" value=\"Div.\" \/><span class=\"wpcf7-list-item-label\">Div.<\/span><\/label><\/span><\/span><\/span><\/p>\n<p><label> Ihr Name (Pflichtfeld)<br \/>\n    <span class=\"wpcf7-form-control-wrap your-name\"><input type=\"text\" name=\"your-name\" value=\"\" size=\"40\" class=\"wpcf7-form-control wpcf7-text wpcf7-validates-as-required\" aria-required=\"true\" aria-invalid=\"false\" \/><\/span> <\/label><\/p>\n<p><label> Ihre Adresse(Pflichtfeld)<br \/>\n    <span class=\"wpcf7-form-control-wrap your-adress\"><input type=\"text\" name=\"your-adress\" value=\"\" size=\"40\" class=\"wpcf7-form-control wpcf7-text wpcf7-validates-as-required\" aria-required=\"true\" aria-invalid=\"false\" \/><\/span> <\/label><\/p>\n<p><label> Ihre Postleitzahl(Pflichtfeld)<br \/>\n    <span class=\"wpcf7-form-control-wrap your-postcode\"><input type=\"text\" name=\"your-postcode\" value=\"\" size=\"40\" class=\"wpcf7-form-control wpcf7-text wpcf7-validates-as-required\" aria-required=\"true\" aria-invalid=\"false\" \/><\/span> <\/label><\/p>\n<p><label> Ihr Ort(Pflichtfeld)<br \/>\n    <span class=\"wpcf7-form-control-wrap your-place\"><input type=\"text\" name=\"your-place\" value=\"\" size=\"40\" class=\"wpcf7-form-control wpcf7-text wpcf7-validates-as-required\" aria-required=\"true\" aria-invalid=\"false\" \/><\/span> <\/label><\/p>\n<p><label> Ihre E-Mail-Adresse (Pflichtfeld)<br \/>\n    <span class=\"wpcf7-form-control-wrap your-email\"><input type=\"email\" name=\"your-email\" value=\"\" size=\"40\" class=\"wpcf7-form-control wpcf7-text wpcf7-email wpcf7-validates-as-required wpcf7-validates-as-email\" aria-required=\"true\" aria-invalid=\"false\" \/><\/span> <\/label><\/p>\n<p><label> Betreff (Pflichtfeld)<br \/>\n    <span class=\"wpcf7-form-control-wrap your-subject\"><input type=\"text\" name=\"your-subject\" value=\"\" size=\"40\" class=\"wpcf7-form-control wpcf7-text wpcf7-validates-as-required\" aria-required=\"true\" aria-invalid=\"false\" \/><\/span> <\/label><\/p>\n<p><span id=\"wpcf7-69dcafc828725-wrapper\" class=\"wpcf7-form-control-wrap text-wrap\" ><label for=\"text\" class=\"hp-message\">Please leave this field empty.<\/label><input id=\"text\"class=\"wpcf7-form-control wpcf7-text\"  type=\"text\" name=\"text\" value=\"\" size=\"40\" tabindex=\"-1\" autocomplete=\"new-password\" \/><\/span><br \/>\n<label> Ihre Nachricht (Pflichtfeld)<br \/>\n    <span class=\"wpcf7-form-control-wrap your-message\"><textarea name=\"your-message\" cols=\"40\" rows=\"10\" class=\"wpcf7-form-control wpcf7-textarea wpcf7-validates-as-required\" aria-required=\"true\" aria-invalid=\"false\"><\/textarea><\/span> <\/label><\/p>\n<p><span class=\"wpcf7-form-control-wrap acceptance-987\"><span class=\"wpcf7-form-control wpcf7-acceptance\"><span class=\"wpcf7-list-item\"><input type=\"checkbox\" name=\"acceptance-987\" value=\"1\" aria-invalid=\"false\" \/><\/span><\/span><\/span>         Ich stimme einer elektronischen Speicherung und Verarbeitung meiner eingegebenen Daten zur Beantwortung meiner Anfrage, gem\u00e4\u00df den.<br \/>\n<a href=\"..\/datenschutz\/\" target=\"Xy-Datenschutz\">Datenschutzerkl\u00e4rung<\/a> dieser Website gelesen und bin mir ihr einverstanden.<br \/>\n<input type=\"submit\" value=\"Senden\" class=\"wpcf7-form-control wpcf7-submit\" \/><\/p>\n<div class=\"wpcf7-response-output\" aria-hidden=\"true\"><\/div><input type=\"hidden\" name=\"trp-form-language\" value=\"en\"\/><\/form><\/div>\n<\/div>\n<\/div>\n\n\n\n<p><\/p>","protected":false},"excerpt":{"rendered":"<p>Wie k\u00f6nnen wir Ihnen am besten helfen? F\u00fcr Fragen bzgl. unserer Serviceleistungen oder Produkte stehen wir Ihnen gerne zur Verf\u00fcgung. Kontaktieren Sie uns direkt \u00fcber die folgenden Kontaktdaten oder benutzen Sie einfach unser Kontaktformular um sich mit uns in Verbindung zu setzen. Wir sind f\u00fcr Sie da SCS Schreiber Computer Service GmbHBiberweg 33 (Werkstatt)D-53842 Troisdorf-Spich [&hellip;]<\/p>","protected":false},"author":1,"featured_media":244,"parent":0,"menu_order":0,"comment_status":"closed","ping_status":"closed","template":"","meta":[],"_links":{"self":[{"href":"https:\/\/scs-computer-service.de\/en\/wp-json\/wp\/v2\/pages\/85"}],"collection":[{"href":"https:\/\/scs-computer-service.de\/en\/wp-json\/wp\/v2\/pages"}],"about":[{"href":"https:\/\/scs-computer-service.de\/en\/wp-json\/wp\/v2\/types\/page"}],"author":[{"embeddable":true,"href":"https:\/\/scs-computer-service.de\/en\/wp-json\/wp\/v2\/users\/1"}],"replies":[{"embeddable":true,"href":"https:\/\/scs-computer-service.de\/en\/wp-json\/wp\/v2\/comments?post=85"}],"version-history":[{"count":10,"href":"https:\/\/scs-computer-service.de\/en\/wp-json\/wp\/v2\/pages\/85\/revisions"}],"predecessor-version":[{"id":890,"href":"https:\/\/scs-computer-service.de\/en\/wp-json\/wp\/v2\/pages\/85\/revisions\/890"}],"wp:featuredmedia":[{"embeddable":true,"href":"https:\/\/scs-computer-service.de\/en\/wp-json\/wp\/v2\/media\/244"}],"wp:attachment":[{"href":"https:\/\/scs-computer-service.de\/en\/wp-json\/wp\/v2\/media?parent=85"}],"curies":[{"name":"wp","href":"https:\/\/api.w.org\/{rel}","templated":true}]}}