{"id":83,"date":"2020-09-17T16:34:30","date_gmt":"2020-09-17T14:34:30","guid":{"rendered":"https:\/\/scs-kasse24.de\/?page_id=83"},"modified":"2021-03-08T10:37:35","modified_gmt":"2021-03-08T09:37:35","slug":"warum-sie-durch-scs-profitieren","status":"publish","type":"page","link":"https:\/\/scs-computer-service.de\/en\/warum-sie-durch-scs-profitieren\/","title":{"rendered":"Dienstleistungen"},"content":{"rendered":"<h2><span>Warum Sie durch SCS profitieren<\/span><\/h2>\n\n\n\n<p>test 123<\/p>\n\n\n\n<div style=\"height:64px\" aria-hidden=\"true\" class=\"wp-block-spacer\"><\/div>\n\n\n\n<div class=\"wp-block-columns col2575\">\n<div class=\"wp-block-column\" style=\"flex-basis:25%\">\n<div class=\"wp-block-image icon\"><figure class=\"aligncenter size-large\"><img loading=\"lazy\" width=\"153\" height=\"153\" src=\"\/wp-content\/uploads\/2020\/10\/icon-pos-rundum.svg\" alt=\"\" class=\"wp-image-357\" srcset=\"https:\/\/scs-computer-service.de\/wp-content\/uploads\/\/2020\/10\/icon-pos-rundum.svg 150w, https:\/\/scs-computer-service.de\/wp-content\/uploads\/\/2020\/10\/icon-pos-rundum.svg 300w, https:\/\/scs-computer-service.de\/wp-content\/uploads\/\/2020\/10\/icon-pos-rundum.svg 1024w, https:\/\/scs-computer-service.de\/wp-content\/uploads\/\/2020\/10\/icon-pos-rundum.svg 153w\" sizes=\"(max-width: 153px) 100vw, 153px\" \/><\/figure><\/div>\n<\/div>\n\n\n\n<div class=\"wp-block-column\" style=\"flex-basis:75%\">\n<h2><span>POS-Rumdumversorgung f\u00fcr Ihre Filiale<\/span><\/h2>\n\n\n\n<p>Zu den Schwerpunkten des SCS Schreiber Computer Service GmbH geh\u00f6ren:<\/p>\n\n\n\n<ul class=\"checkmark-list\"><li>umfassenden Projektmanagement<\/li><li>das Roll-Out von EDV- und Kassensystemen<\/li><li>die Wartung und Instandsetzung der Hardwaremodule \u00fcber deren gesamten Lebenszyklus<\/li><li>Zentralstandort Troisdorf sowie ein fl\u00e4chendeckender Support durch ein umfassendes Technikernetzwerk im Bundesgebiet (rund 450 Techniker)<\/li><\/ul>\n<\/div>\n<\/div>\n\n\n\n<div style=\"height:64px\" aria-hidden=\"true\" class=\"wp-block-spacer\"><\/div>\n\n\n\n<div class=\"wp-block-columns col2575\">\n<div class=\"wp-block-column\" style=\"flex-basis:25%\">\n<div class=\"wp-block-image icon\"><figure class=\"aligncenter size-large\"><img loading=\"lazy\" width=\"146\" height=\"146\" src=\"\/wp-content\/uploads\/2020\/10\/icon-dienstleistung.svg\" alt=\"\" class=\"wp-image-356\" srcset=\"https:\/\/scs-computer-service.de\/wp-content\/uploads\/\/2020\/10\/icon-dienstleistung.svg 150w, https:\/\/scs-computer-service.de\/wp-content\/uploads\/\/2020\/10\/icon-dienstleistung.svg 300w, https:\/\/scs-computer-service.de\/wp-content\/uploads\/\/2020\/10\/icon-dienstleistung.svg 1024w, https:\/\/scs-computer-service.de\/wp-content\/uploads\/\/2020\/10\/icon-dienstleistung.svg 146w\" sizes=\"(max-width: 146px) 100vw, 146px\" \/><\/figure><\/div>\n<\/div>\n\n\n\n<div class=\"wp-block-column\" style=\"flex-basis:75%\">\n<h2><span>Dienstleistung<\/span><\/h2>\n\n\n\n<p>Firmenkritische Anwendungen verlanden von der modernen Technik etablierte L\u00f6sungen. Eine st\u00e4ndige Verf\u00fcgbarkeit Ihrer EDV-Systeme ist auch ein Teil Ihrer Konzeption.<\/p>\n\n\n\n<ul class=\"checkmark-list\"><li>Fl\u00e4chendeckenden Qualit\u00e4tsservice zur Umsetzung dieser Konzeptionen.<\/li><li>12, 24 oder 48 Stunden Vor-Ort-Service je nach Ihrem Bedarf.<\/li><li>Versand von Ersatzhardware oder pr\u00e4ventive Wartung.<\/li><li>Auf Anfrage auch Teamviewer Support <\/li><\/ul>\n\n\n\n<p><\/p>\n<\/div>\n<\/div>\n\n\n\n<div style=\"height:64px\" aria-hidden=\"true\" class=\"wp-block-spacer\"><\/div>\n\n\n\n<div class=\"wp-block-columns col2575\">\n<div class=\"wp-block-column\" style=\"flex-basis:25%\">\n<div class=\"wp-block-image icon\"><figure class=\"aligncenter size-large\"><img loading=\"lazy\" width=\"160\" height=\"160\" src=\"\/wp-content\/uploads\/2020\/10\/icon-an-und-verkauf.svg\" alt=\"\" class=\"wp-image-355\" srcset=\"https:\/\/scs-computer-service.de\/wp-content\/uploads\/\/2020\/10\/icon-an-und-verkauf.svg 150w, https:\/\/scs-computer-service.de\/wp-content\/uploads\/\/2020\/10\/icon-an-und-verkauf.svg 300w, https:\/\/scs-computer-service.de\/wp-content\/uploads\/\/2020\/10\/icon-an-und-verkauf.svg 1024w, https:\/\/scs-computer-service.de\/wp-content\/uploads\/\/2020\/10\/icon-an-und-verkauf.svg 160w\" sizes=\"(max-width: 160px) 100vw, 160px\" \/><\/figure><\/div>\n<\/div>\n\n\n\n<div class=\"wp-block-column\" style=\"flex-basis:75%\">\n<h2><span>An- und Verkauf<\/span><\/h2>\n\n\n\n<p>von neuen und gebrauchten Kassensystemen und allem rund um den POS Kassenbereich, z. B.:<\/p>\n\n\n\n<ul class=\"checkmark-list\"><li>Kassenrechner<\/li><li>Bondrucker<\/li><li>Monitore<\/li><li>Barcode-Scanner<\/li><\/ul>\n\n\n\n<p><\/p>\n<\/div>\n<\/div>","protected":false},"excerpt":{"rendered":"<p>Warum Sie durch SCS profitieren Die SCS Schreiber Computer Service GmbH stellt Handelskunden in Europa speziell zugeschnittene Dienstleistungen f\u00fcr deren Filial-IT \u2013 auch in Sachen Lagerung und Logistik \u2013 zur Verf\u00fcgung. Gerade diese besondere Individualit\u00e4t und N\u00e4he der Zusammenarbeit geht klar auf Ihr Nutzerkonto. Profitieren Sie von uns als Wettbewerbsvorteil! Wie das geht, demonstrieren wir [&hellip;]<\/p>","protected":false},"author":1,"featured_media":245,"parent":0,"menu_order":0,"comment_status":"closed","ping_status":"closed","template":"","meta":[],"_links":{"self":[{"href":"https:\/\/scs-computer-service.de\/en\/wp-json\/wp\/v2\/pages\/83"}],"collection":[{"href":"https:\/\/scs-computer-service.de\/en\/wp-json\/wp\/v2\/pages"}],"about":[{"href":"https:\/\/scs-computer-service.de\/en\/wp-json\/wp\/v2\/types\/page"}],"author":[{"embeddable":true,"href":"https:\/\/scs-computer-service.de\/en\/wp-json\/wp\/v2\/users\/1"}],"replies":[{"embeddable":true,"href":"https:\/\/scs-computer-service.de\/en\/wp-json\/wp\/v2\/comments?post=83"}],"version-history":[{"count":24,"href":"https:\/\/scs-computer-service.de\/en\/wp-json\/wp\/v2\/pages\/83\/revisions"}],"predecessor-version":[{"id":881,"href":"https:\/\/scs-computer-service.de\/en\/wp-json\/wp\/v2\/pages\/83\/revisions\/881"}],"wp:featuredmedia":[{"embeddable":true,"href":"https:\/\/scs-computer-service.de\/en\/wp-json\/wp\/v2\/media\/245"}],"wp:attachment":[{"href":"https:\/\/scs-computer-service.de\/en\/wp-json\/wp\/v2\/media?parent=83"}],"curies":[{"name":"wp","href":"https:\/\/api.w.org\/{rel}","templated":true}]}}