{"id":80,"date":"2020-09-17T16:32:48","date_gmt":"2020-09-17T14:32:48","guid":{"rendered":"https:\/\/scs-kasse24.de\/?page_id=80"},"modified":"2021-02-08T12:37:12","modified_gmt":"2021-02-08T11:37:12","slug":"ueber-uns","status":"publish","type":"page","link":"https:\/\/scs-computer-service.de\/en\/ueber-uns\/","title":{"rendered":"About us"},"content":{"rendered":"<h2><span>Seit 40 Jahren Ihr Partner in Produkt- und Dienstleistungsfragen <\/span><\/h2>\n\n\n\n<p>SCS Schreiber Computer Service GmbH, ein in K\u00f6ln ans\u00e4ssiges Unternehmen, versteht sich als Partner und Anbieter von Produkten und Dienstleistungen f\u00fcr Kassentechnik. 1971 wurde die Firma von Georg Schreiber gegr\u00fcndet und besteht und entwickelt sich seitdem stetig. Zu unserem Kundenkreis geh\u00f6ren namhafte Unternehmen wie Wincor Nixdorf, Siemens, Fujitsu Siemens, Toys\u201cr\u201cus, Globus SB und zahlreiche Einzelh\u00e4ndler, Apotheken und Autoh\u00e4user. Im Gro\u00dfraum NRW sind wir mit unseren Technikern auch im Vor-Ort-Service f\u00fcr unsere Kunden unterwegs, bundesweit sind wir in der Lage Projekte wie Roll-Outs bzw. Vor-Ort Service zu leisten. In unserer Werkstatt bereiten wir gebrauchte POS Hardware auf bzw. reparieren wir Ihre gesamte POS Hardware.<\/p>\n\n\n\n<div style=\"height:35px\" aria-hidden=\"true\" class=\"wp-block-spacer\"><\/div>\n\n\n\n<div class=\"wp-block-columns\">\n<div class=\"wp-block-column\">\n<h2><span>Georg Schreiber<\/span><\/h2>\n\n\n\n<h6>1. Generation<\/h6>\n\n\n\n<p><\/p>\n<\/div>\n\n\n\n<div class=\"wp-block-column\">\n<h2><span>Ren\u00e9 Schreiber<\/span><\/h2>\n\n\n\n<h6>2. Generation<\/h6>\n\n\n\n<p><\/p>\n<\/div>\n\n\n\n<div class=\"wp-block-column\">\n<h2><span>Nils Schreiber<\/span><\/h2>\n\n\n\n<h6>3. Generation<\/h6>\n\n\n\n<p><\/p>\n<\/div>\n<\/div>\n\n\n<! ========= Cool Timeline Free 2.0.7 =========><div class=\"cool_timeline cool-timeline-wrapper both-sided-wrapper white-timeline-wrapper default-skin-tm\"><h1 class=\"timeline-main-title center-block\">Firmengeschichte<\/h1><div class=\"cool-timeline white-timeline ultimate-style both-sided-wrapper vertical\"><div data-animations=\"fade-up\"  id=\"ctl-free-one\" class=\"cooltimeline_cont  clearfix icons_no\"><div  data-aos=\"fade-up\"  class=\"timeline-year scrollable-section\"\r\n\t\t\t\t\t\tdata-section-title=\"2020\" id=\"clt-2020\">\r\n\t\t\t\t\t\t<div class=\"icon-placeholder\"><span class=\"ctl-timeline-date\">2020<\/span><\/div>\r\n\t\t\t\t\t\t<div class=\"timeline-bar\"><\/div>\r\n\t\t\t\t\t\t<\/div><!-- .timeline-post-start--><div  class=\"timeline-post even light-grey-post icons_no  default-skin\"  id=\"story-638\"><div  data-aos=\"fade-up\" class=\"timeline-meta\"><div class=\"meta-details\">2020<\/div><\/div><div  data-aos=\"fade-up\" class=\"timeline-icon icon-dot-full\"><div class=\"timeline-bar\"><\/div><\/div><div  data-aos=\"fade-up\" class=\"timeline-content clearfix\"><h2 class=\"content-title\">Authorized Patner Diebold Nixdorf<\/h2><div class=\"ctl_info event-description\"><div class=\"content-details\">Seid Mitte des Jahres sind wir Authorized Patner von Diebold Nixdorf. Dadurch sind wir einer der wenigen Patner in Deutschland, die in der Lage sind Ersatzteile im Bereich POS anzubieten.<\/div><\/div><\/div><!-- timeline content --><\/div><!-- .timeline-post-end --><div  data-aos=\"fade-up\"  class=\"timeline-year scrollable-section\"\r\n\t\t\t\t\t\tdata-section-title=\"2015\" id=\"clt-2015\">\r\n\t\t\t\t\t\t<div class=\"icon-placeholder\"><span class=\"ctl-timeline-date\">2015<\/span><\/div>\r\n\t\t\t\t\t\t<div class=\"timeline-bar\"><\/div>\r\n\t\t\t\t\t\t<\/div><!-- .timeline-post-start--><div  class=\"timeline-post odd light-grey-post icons_no  default-skin\"  id=\"story-318\"><div  data-aos=\"fade-up\" class=\"timeline-meta\"><div class=\"meta-details\">2015<\/div><\/div><div  data-aos=\"fade-up\" class=\"timeline-icon icon-dot-full\"><div class=\"timeline-bar\"><\/div><\/div><div  data-aos=\"fade-up\" class=\"timeline-content clearfix\"><h2 class=\"content-title\">Ausweitung des Vor-Ort Service durch neue Handelskunden<\/h2><div class=\"ctl_info event-description\"><div class=\"content-details\"><p>Aufarbeitungen f\u00fcr zwei Kundenprojekte im Bereich POS-Hardware mit einem Volumen von ca. 1000 Ger\u00e4ten pro Jahr<\/p>\n<\/div><\/div><\/div><!-- timeline content --><\/div><!-- .timeline-post-end --><div  data-aos=\"fade-up\"  class=\"timeline-year scrollable-section\"\r\n\t\t\t\t\t\tdata-section-title=\"2014\" id=\"clt-2014\">\r\n\t\t\t\t\t\t<div class=\"icon-placeholder\"><span class=\"ctl-timeline-date\">2014<\/span><\/div>\r\n\t\t\t\t\t\t<div class=\"timeline-bar\"><\/div>\r\n\t\t\t\t\t\t<\/div><!-- .timeline-post-start--><div  class=\"timeline-post even light-grey-post icons_no  default-skin\"  id=\"story-317\"><div  data-aos=\"fade-up\" class=\"timeline-meta\"><div class=\"meta-details\">2014<\/div><\/div><div  data-aos=\"fade-up\" class=\"timeline-icon icon-dot-full\"><div class=\"timeline-bar\"><\/div><\/div><div  data-aos=\"fade-up\" class=\"timeline-content clearfix\"><h2 class=\"content-title\">Gr\u00fcndung der GmbH<\/h2><div class=\"ctl_info event-description\"><div class=\"content-details\"><p>Im Jahre 2014 wurde die Firma in eine GmbH umgewandelt. Die Firma wurde von Georg Schreiber an Ren\u00e9 Schreiber \u00fcbergeben und ist somit bereit f\u00fcr weitere gro\u00dfe Schritte und Ver\u00e4nderungen.<\/p>\n<\/div><\/div><\/div><!-- timeline content --><\/div><!-- .timeline-post-end --><div  data-aos=\"fade-up\"  class=\"timeline-year scrollable-section\"\r\n\t\t\t\t\t\tdata-section-title=\"2006\" id=\"clt-2006\">\r\n\t\t\t\t\t\t<div class=\"icon-placeholder\"><span class=\"ctl-timeline-date\">2006<\/span><\/div>\r\n\t\t\t\t\t\t<div class=\"timeline-bar\"><\/div>\r\n\t\t\t\t\t\t<\/div><!-- .timeline-post-start--><div  class=\"timeline-post odd light-grey-post icons_no  default-skin\"  id=\"story-316\"><div  data-aos=\"fade-up\" class=\"timeline-meta\"><div class=\"meta-details\">2006<\/div><\/div><div  data-aos=\"fade-up\" class=\"timeline-icon icon-dot-full\"><div class=\"timeline-bar\"><\/div><\/div><div  data-aos=\"fade-up\" class=\"timeline-content clearfix\"><h2 class=\"content-title\">Erweiterung der Lagerfl\u00e4che<\/h2><div class=\"ctl_info event-description\"><div class=\"content-details\"><p>Bezug eines 1000 m\u00b2 gro\u00dfen Hochregallagers.<\/p>\n<\/div><\/div><\/div><!-- timeline content --><\/div><!-- .timeline-post-end --><div  data-aos=\"fade-up\"  class=\"timeline-year scrollable-section\"\r\n\t\t\t\t\t\tdata-section-title=\"2005\" id=\"clt-2005\">\r\n\t\t\t\t\t\t<div class=\"icon-placeholder\"><span class=\"ctl-timeline-date\">2005<\/span><\/div>\r\n\t\t\t\t\t\t<div class=\"timeline-bar\"><\/div>\r\n\t\t\t\t\t\t<\/div><!-- .timeline-post-start--><div  class=\"timeline-post even light-grey-post icons_no  default-skin\"  id=\"story-315\"><div  data-aos=\"fade-up\" class=\"timeline-meta\"><div class=\"meta-details\">2005<\/div><\/div><div  data-aos=\"fade-up\" class=\"timeline-icon icon-dot-full\"><div class=\"timeline-bar\"><\/div><\/div><div  data-aos=\"fade-up\" class=\"timeline-content clearfix\"><h2 class=\"content-title\">Grossdienstleister<\/h2><div class=\"ctl_info event-description\"><div class=\"content-details\"><p>f\u00fcr Einzelhandelsketten.<\/p>\n<\/div><\/div><\/div><!-- timeline content --><\/div><!-- .timeline-post-end --><div  data-aos=\"fade-up\"  class=\"timeline-year scrollable-section\"\r\n\t\t\t\t\t\tdata-section-title=\"2000\" id=\"clt-2000\">\r\n\t\t\t\t\t\t<div class=\"icon-placeholder\"><span class=\"ctl-timeline-date\">2000<\/span><\/div>\r\n\t\t\t\t\t\t<div class=\"timeline-bar\"><\/div>\r\n\t\t\t\t\t\t<\/div><!-- .timeline-post-start--><div  class=\"timeline-post odd light-grey-post icons_no  default-skin\"  id=\"story-314\"><div  data-aos=\"fade-up\" class=\"timeline-meta\"><div class=\"meta-details\">2000<\/div><\/div><div  data-aos=\"fade-up\" class=\"timeline-icon icon-dot-full\"><div class=\"timeline-bar\"><\/div><\/div><div  data-aos=\"fade-up\" class=\"timeline-content clearfix\"><h2 class=\"content-title\">Autorisierter Partner von Tobit Software<\/h2><div class=\"ctl_info event-description\"><div class=\"content-details\"><p>Netzwerkl\u00f6sung f\u00fcr Fax\/E-Mail<\/p>\n<\/div><\/div><\/div><!-- timeline content --><\/div><!-- .timeline-post-end --><div  data-aos=\"fade-up\"  class=\"timeline-year scrollable-section\"\r\n\t\t\t\t\t\tdata-section-title=\"1998\" id=\"clt-1998\">\r\n\t\t\t\t\t\t<div class=\"icon-placeholder\"><span class=\"ctl-timeline-date\">1998<\/span><\/div>\r\n\t\t\t\t\t\t<div class=\"timeline-bar\"><\/div>\r\n\t\t\t\t\t\t<\/div><!-- .timeline-post-start--><div  class=\"timeline-post even light-grey-post icons_no  default-skin\"  id=\"story-313\"><div  data-aos=\"fade-up\" class=\"timeline-meta\"><div class=\"meta-details\">1998<\/div><\/div><div  data-aos=\"fade-up\" class=\"timeline-icon icon-dot-full\"><div class=\"timeline-bar\"><\/div><\/div><div  data-aos=\"fade-up\" class=\"timeline-content clearfix\"><h2 class=\"content-title\">Bezug der ersten Lagerfl\u00e4che<\/h2><div class=\"ctl_info event-description\"><div class=\"content-details\"><p>in Troisdorf Stockem<\/p>\n<\/div><\/div><\/div><!-- timeline content --><\/div><!-- .timeline-post-end --><div  data-aos=\"fade-up\"  class=\"timeline-year scrollable-section\"\r\n\t\t\t\t\t\tdata-section-title=\"1988\" id=\"clt-1988\">\r\n\t\t\t\t\t\t<div class=\"icon-placeholder\"><span class=\"ctl-timeline-date\">1988<\/span><\/div>\r\n\t\t\t\t\t\t<div class=\"timeline-bar\"><\/div>\r\n\t\t\t\t\t\t<\/div><!-- .timeline-post-start--><div  class=\"timeline-post odd light-grey-post icons_no  default-skin\"  id=\"story-312\"><div  data-aos=\"fade-up\" class=\"timeline-meta\"><div class=\"meta-details\">1988<\/div><\/div><div  data-aos=\"fade-up\" class=\"timeline-icon icon-dot-full\"><div class=\"timeline-bar\"><\/div><\/div><div  data-aos=\"fade-up\" class=\"timeline-content clearfix\"><h2 class=\"content-title\">Entwicklung durch Erweiterung<\/h2><div class=\"ctl_info event-description\"><div class=\"content-details\"><p>Die Entwicklung hat sich durch die Erweiterung um immer neue Bereiche kontinuierlich fortgesetzt, sodass wir bis zum heutigen Tage nicht nur WINCOR Qualified Partner sind, sondern auch Fachh\u00e4ndler der Firma FUJITSU-Siemens (jetzt Fujitsu) sowie der Tobit Fax \/ E-Mail-L\u00f6sungen f\u00fcr Netzwerke.<\/p>\n<\/div><\/div><\/div><!-- timeline content --><\/div><!-- .timeline-post-end --><!-- .timeline-post-start--><div  class=\"timeline-post even light-grey-post icons_no  default-skin\"  id=\"story-311\"><div  data-aos=\"fade-up\" class=\"timeline-meta\"><div class=\"meta-details\">1988<\/div><\/div><div  data-aos=\"fade-up\" class=\"timeline-icon icon-dot-full\"><div class=\"timeline-bar\"><\/div><\/div><div  data-aos=\"fade-up\" class=\"timeline-content clearfix\"><h2 class=\"content-title\">Bau des Frimengeb\u00e4udes<\/h2><div class=\"ctl_info event-description\"><div class=\"content-details\"><p>Mit dem Bau des eigenen Firmengeb\u00e4udes kam auch bald der Verkauf und der Service von Personal-Computer Systemen und POS-Kassensystemen hinzu.<\/p>\n<\/div><\/div><\/div><!-- timeline content --><\/div><!-- .timeline-post-end --><div  data-aos=\"fade-up\"  class=\"timeline-year scrollable-section\"\r\n\t\t\t\t\t\tdata-section-title=\"1971\" id=\"clt-1971\">\r\n\t\t\t\t\t\t<div class=\"icon-placeholder\"><span class=\"ctl-timeline-date\">1971<\/span><\/div>\r\n\t\t\t\t\t\t<div class=\"timeline-bar\"><\/div>\r\n\t\t\t\t\t\t<\/div><!-- .timeline-post-start--><div  class=\"timeline-post odd light-grey-post icons_no  default-skin\"  id=\"story-304\"><div  data-aos=\"fade-up\" class=\"timeline-meta\"><div class=\"meta-details\">1971<\/div><\/div><div  data-aos=\"fade-up\" class=\"timeline-icon icon-dot-full\"><div class=\"timeline-bar\"><\/div><\/div><div  data-aos=\"fade-up\" class=\"timeline-content clearfix\"><h2 class=\"content-title\">Frimengr\u00fcndung<\/h2><div class=\"ctl_info event-description\"><div class=\"content-details\"><p>Georg Schreiber gr\u00fcndet die Firma SCS Schreiber Computer Service und umfasst damit den Bereich technischer Kundendienst f\u00fcr Nixdorf Computer der Systeme 8870, 8862, 8850 und Nixdorf Kassensysteme.<\/p>\n<\/div><\/div><\/div><!-- timeline content --><\/div><!-- .timeline-post-end --><\/div><div class=\"clearfix\"><\/div><\/div> <\/div><!-- end\r\n \t\t================================================== -->","protected":false},"excerpt":{"rendered":"<p>Seit 40 Jahren Ihr Partner in Produkt- und Dienstleistungsfragen SCS Schreiber Computer Service GmbH, ein in K\u00f6ln ans\u00e4ssiges Unternehmen, versteht sich als Partner und Anbieter von Produkten und Dienstleistungen f\u00fcr Kassentechnik. 1971 wurde die Firma von Georg Schreiber gegr\u00fcndet und besteht und entwickelt sich seitdem stetig. Zu unserem Kundenkreis geh\u00f6ren&hellip;<\/p>","protected":false},"author":2,"featured_media":243,"parent":0,"menu_order":0,"comment_status":"closed","ping_status":"closed","template":"","meta":[],"_links":{"self":[{"href":"https:\/\/scs-computer-service.de\/en\/wp-json\/wp\/v2\/pages\/80"}],"collection":[{"href":"https:\/\/scs-computer-service.de\/en\/wp-json\/wp\/v2\/pages"}],"about":[{"href":"https:\/\/scs-computer-service.de\/en\/wp-json\/wp\/v2\/types\/page"}],"author":[{"embeddable":true,"href":"https:\/\/scs-computer-service.de\/en\/wp-json\/wp\/v2\/users\/2"}],"replies":[{"embeddable":true,"href":"https:\/\/scs-computer-service.de\/en\/wp-json\/wp\/v2\/comments?post=80"}],"version-history":[{"count":31,"href":"https:\/\/scs-computer-service.de\/en\/wp-json\/wp\/v2\/pages\/80\/revisions"}],"predecessor-version":[{"id":805,"href":"https:\/\/scs-computer-service.de\/en\/wp-json\/wp\/v2\/pages\/80\/revisions\/805"}],"wp:featuredmedia":[{"embeddable":true,"href":"https:\/\/scs-computer-service.de\/en\/wp-json\/wp\/v2\/media\/243"}],"wp:attachment":[{"href":"https:\/\/scs-computer-service.de\/en\/wp-json\/wp\/v2\/media?parent=80"}],"curies":[{"name":"wp","href":"https:\/\/api.w.org\/{rel}","templated":true}]}}