{"id":2,"date":"2020-09-17T14:54:05","date_gmt":"2020-09-17T12:54:05","guid":{"rendered":"https:\/\/scs-kasse24.de\/?page_id=2"},"modified":"2021-09-15T14:20:17","modified_gmt":"2021-09-15T12:20:17","slug":"beispiel-seite","status":"publish","type":"page","link":"https:\/\/scs-computer-service.de\/en\/beispiel-seite\/","title":{"rendered":"Reparatur Service &#038; Werkstatt Service"},"content":{"rendered":"<h2><span>Das SCS-Rundumpaket<\/span><\/h2>\n\n\n\n<p>Durch langj\u00e4hrige Erfahrungen in der Reparatur von herstellerunabh\u00e4ngigen Kassensystemen, Bondruckern, Barcodescannern, Kassenladen und Kundendisplays k\u00f6nnen wir beste Reaktions- und Durchlaufzeiten garantieren. Wir verf\u00fcgen \u00fcber einen umfangreichen Ersatzteilbestand und sind in der Lage die meisten Ger\u00e4te auf Basis von Pauschalpreisen zu reparieren, um unsere Kunden eine bessere Budgetplanung zu erm\u00f6glichen und unn\u00f6tige Verz\u00f6gerungen durch Kostenvoranschl\u00e4ge zu vermeiden. Dar\u00fcber hinaus zeigen wir Transparenz in unserer Arbeit \u2013 auf Basis unseres intern implementierten Datenbanksystems sind jederzeit Aussagen zum Status des Reparaturverlaufs sowie historische Auswertungen m\u00f6glich.<\/p>\n\n\n\n<div style=\"height:49px\" aria-hidden=\"true\" class=\"wp-block-spacer\"><\/div>\n\n\n\n<div class=\"wp-block-columns col2575\">\n<div class=\"wp-block-column\" style=\"flex-basis:25%\">\n<div class=\"wp-block-image icon\"><figure class=\"aligncenter size-large\"><img loading=\"lazy\" width=\"158\" height=\"126\" src=\"\/wp-content\/uploads\/2020\/10\/icon-produktgruppen.svg\" alt=\"\" class=\"wp-image-339\" title=\"\"\/><\/figure><\/div>\n<\/div>\n\n\n\n<div class=\"wp-block-column\" style=\"flex-basis:75%\">\n<h2><span>Produktgruppen<\/span><\/h2>\n\n\n\n<p>Die nachstehenden Leistungen beziehen sich auf folgende IT-System-Kategorien:<\/p>\n\n\n\n<div class=\"wp-block-columns\">\n<div class=\"wp-block-column\">\n<ul class=\"checkmark-list\"><li>POS Basissysteme<\/li><li>POS Monitore<\/li><li>Bediener- und Kundenanzeigen<\/li><li>POS Bon- und Belegdrucker<\/li><li>Scanner und Scannerwaagen<\/li><\/ul>\n<\/div>\n\n\n\n<div class=\"wp-block-column\">\n<ul class=\"checkmark-list\"><li>POS Tastaturen<\/li><li>Kassenladen<\/li><li>Geld-Kartenterminals<\/li><li>Cash handling systems<\/li><li>PC, Server und Notebooks<\/li><\/ul>\n<\/div>\n<\/div>\n<\/div>\n<\/div>\n\n\n\n<div class=\"wp-block-group alignfull\"><div class=\"wp-block-group__inner-container\">\n<div class=\"wp-block-group alignfull homepage-logo-banner has-background\" style=\"background:linear-gradient(87deg,rgb(220,220,220) 0%,rgb(21,191,171) 100%)\"><div class=\"wp-block-group__inner-container\">\n<div class=\"wp-block-columns full-width-inner\">\n<div class=\"wp-block-column is-vertically-aligned-center\">\n<figure class=\"wp-block-image size-large\"><img loading=\"lazy\" width=\"260\" height=\"120\" src=\"\/wp-content\/uploads\/2020\/09\/logo-wincor-nixdorf-grey.svg\" alt=\"\" class=\"wp-image-208\"\/><\/figure>\n<\/div>\n\n\n\n<div class=\"wp-block-column is-vertically-aligned-center\">\n<figure class=\"wp-block-image size-large\"><img loading=\"lazy\" width=\"500\" height=\"235\" src=\"\/wp-content\/uploads\/2020\/09\/logo-fujitsu-grey.svg\" alt=\"\" class=\"wp-image-207\"\/><\/figure>\n<\/div>\n\n\n\n<div class=\"wp-block-column is-vertically-aligned-center\">\n<figure class=\"wp-block-image size-large\"><img loading=\"lazy\" width=\"119\" height=\"90\" src=\"\/wp-content\/uploads\/2020\/09\/logo-diebold_nixdorf_holding_germany.svg\" alt=\"\" class=\"wp-image-205\"\/><\/figure>\n<\/div>\n\n\n\n<div class=\"wp-block-column is-vertically-aligned-center\">\n<figure class=\"wp-block-image size-large\"><img loading=\"lazy\" width=\"210\" height=\"67\" src=\"\/wp-content\/uploads\/2020\/09\/logo-epson-grey.svg\" alt=\"\" class=\"wp-image-206\"\/><\/figure>\n<\/div>\n\n\n\n<div class=\"wp-block-column is-vertically-aligned-center\">\n<figure class=\"wp-block-image size-large\"><img loading=\"lazy\" width=\"623\" height=\"68\" src=\"\/wp-content\/uploads\/2020\/09\/logo-datalogic.svg\" alt=\"\" class=\"wp-image-204\"\/><\/figure>\n<\/div>\n<\/div>\n<\/div><\/div>\n\n\n\n<div style=\"height:60px\" aria-hidden=\"true\" class=\"wp-block-spacer\"><\/div>\n<\/div><\/div>\n\n\n\n<div class=\"wp-block-columns col2575\">\n<div class=\"wp-block-column\" style=\"flex-basis:25%\">\n<div class=\"wp-block-image icon\"><figure class=\"aligncenter size-large\"><img loading=\"lazy\" width=\"158\" height=\"115\" src=\"\/wp-content\/uploads\/2020\/10\/icon-hersteller.svg\" alt=\"\" class=\"wp-image-342\"\/><\/figure><\/div>\n<\/div>\n\n\n\n<div class=\"wp-block-column\" style=\"flex-basis:75%\">\n<h2><span>Hersteller<\/span><\/h2>\n\n\n\n<p>Firmenkritische Anwendungen verlanden von der modernen Technik etablierte L\u00f6sungen. Eine st\u00e4ndige Verf\u00fcgbarkeit Ihrer EDV-Systeme ist auch ein Teil Ihrer Konzeption.<\/p>\n\n\n\n<div class=\"wp-block-columns\">\n<div class=\"wp-block-column\">\n<ul class=\"checkmark-list\"><li>EPSON<\/li><li>SAMSUNG<\/li><li>IBM<\/li><li>DIEBOLD \/ WINCOR \/ NIXDORF<\/li><li>CITIZEN<\/li><li>LEXMARK<\/li><\/ul>\n<\/div>\n\n\n\n<div class=\"wp-block-column\">\n<ul class=\"checkmark-list\"><li>NCR<\/li><li>OLIVETTI<\/li><li>METO<\/li><li>DATALOGIC<\/li><li>HONEYWELL \/ METROLOGIC<\/li><li>SYMBOL<\/li><\/ul>\n<\/div>\n<\/div>\n<\/div>\n<\/div>","protected":false},"excerpt":{"rendered":"<p>Das SCS-Rundumpaket Durch langj\u00e4hrige Erfahrungen in der Reparatur von herstellerunabh\u00e4ngigen Kassensystemen, Bondruckern, Barcodescannern, Kassenladen und Kundendisplays k\u00f6nnen wir beste Reaktions- und Durchlaufzeiten garantieren. Wir verf\u00fcgen \u00fcber einen umfangreichen Ersatzteilbestand und sind in der Lage die meisten Ger\u00e4te auf Basis von Pauschalpreisen zu reparieren, um unsere Kunden eine bessere Budgetplanung zu erm\u00f6glichen und unn\u00f6tige Verz\u00f6gerungen durch [&hellip;]<\/p>","protected":false},"author":1,"featured_media":245,"parent":0,"menu_order":0,"comment_status":"closed","ping_status":"open","template":"","meta":[],"_links":{"self":[{"href":"https:\/\/scs-computer-service.de\/en\/wp-json\/wp\/v2\/pages\/2"}],"collection":[{"href":"https:\/\/scs-computer-service.de\/en\/wp-json\/wp\/v2\/pages"}],"about":[{"href":"https:\/\/scs-computer-service.de\/en\/wp-json\/wp\/v2\/types\/page"}],"author":[{"embeddable":true,"href":"https:\/\/scs-computer-service.de\/en\/wp-json\/wp\/v2\/users\/1"}],"replies":[{"embeddable":true,"href":"https:\/\/scs-computer-service.de\/en\/wp-json\/wp\/v2\/comments?post=2"}],"version-history":[{"count":16,"href":"https:\/\/scs-computer-service.de\/en\/wp-json\/wp\/v2\/pages\/2\/revisions"}],"predecessor-version":[{"id":914,"href":"https:\/\/scs-computer-service.de\/en\/wp-json\/wp\/v2\/pages\/2\/revisions\/914"}],"wp:featuredmedia":[{"embeddable":true,"href":"https:\/\/scs-computer-service.de\/en\/wp-json\/wp\/v2\/media\/245"}],"wp:attachment":[{"href":"https:\/\/scs-computer-service.de\/en\/wp-json\/wp\/v2\/media?parent=2"}],"curies":[{"name":"wp","href":"https:\/\/api.w.org\/{rel}","templated":true}]}}