{"id":117,"date":"2020-09-18T11:11:22","date_gmt":"2020-09-18T09:11:22","guid":{"rendered":"https:\/\/scs-kasse24.de\/?page_id=117"},"modified":"2021-02-08T09:36:52","modified_gmt":"2021-02-08T08:36:52","slug":"versandarten","status":"publish","type":"page","link":"https:\/\/scs-computer-service.de\/en\/versandarten\/","title":{"rendered":"Versandinformationen"},"content":{"rendered":"<h2><span>Versandkosten<\/span><\/h2>\n\n\n\n<p>Die Versandkosten der anderen Versandarten (z.B. Speditionsversand) finden Sie direkt an jedem einzelnen Produkt.<\/p>\n\n\n\n<h2><span>Liefergebiet<\/span><\/h2>\n\n\n\n<p>Die Lieferung erfolgt ausschlie\u00dflich innerhalb Deutschlands. Andere L\u00e4nder auf Anfrage.<\/p>\n\n\n\n<h2><span>Zustellung<\/span><\/h2>\n\n\n\n<h3>Paketversand<\/h3>\n\n\n\n<p>Die Paketlieferung erfolgt bis zu Ihrer Haust\u00fcr. Sollten Sie bei Zustellung nicht zu Hause sein, wird das Paket bei einem Nachbarn abgegeben oder 7 Tage zur Abholung in der n\u00e4chsten Postfiliale hinterlegt. Eine Information dar\u00fcber finden Sie dann in Ihrem Briefkasten.<\/p>\n\n\n\n<h3>Speditionsversand<\/h3>\n\n\n\n<p>Die Speditionslieferung erfolgt frei Bordsteinkante. Bitte beachten Sie, dass sich die Abladestelle in einem f\u00fcr LKW befahrbaren Bereich befinden muss. Anderenfalls kann die Lieferung nur an die n\u00e4chstgelegene f\u00fcr LKW erreichbare Stelle erfolgen. Die Spedition wird sich mit Ihnen in Verbindung setzen, um einen Liefertermin abzustimmen.<\/p>\n\n\n\n<h2><span>Versandpartner<\/span><\/h2>\n\n\n\n<p>Der Paketversand erfolgt in der Regel \u00fcber unseren Hauptversandpartner DHL\/UPS. Je nach Art, Gr\u00f6\u00dfe, Gewicht und Anzahl der bestellten Produkte, kann die Zustellung auch \u00fcber einen anderen Versandpartner wie UPS erfolgen. Sperrg\u00fcter werden \u00fcber eine beauftragte Spedition geliefert.<\/p>\n\n\n\n<h2><span>Postfachadressen<\/span><\/h2>\n\n\n\n<p>Die Lieferung an eine Postfachadresse ist leider nicht m\u00f6glich.<\/p>","protected":false},"excerpt":{"rendered":"<p>Versandkosten Die Versandkosten der anderen Versandarten (z.B. Speditionsversand) finden Sie direkt an jedem einzelnen Produkt. Liefergebiet Die Lieferung erfolgt ausschlie\u00dflich innerhalb Deutschlands. Andere L\u00e4nder auf Anfrage. Zustellung Paketversand Die Paketlieferung erfolgt bis zu Ihrer Haust\u00fcr. Sollten Sie bei Zustellung nicht zu Hause sein, wird das Paket bei einem Nachbarn abgegeben oder 7 Tage zur Abholung [&hellip;]<\/p>","protected":false},"author":1,"featured_media":0,"parent":0,"menu_order":0,"comment_status":"closed","ping_status":"closed","template":"","meta":[],"_links":{"self":[{"href":"https:\/\/scs-computer-service.de\/en\/wp-json\/wp\/v2\/pages\/117"}],"collection":[{"href":"https:\/\/scs-computer-service.de\/en\/wp-json\/wp\/v2\/pages"}],"about":[{"href":"https:\/\/scs-computer-service.de\/en\/wp-json\/wp\/v2\/types\/page"}],"author":[{"embeddable":true,"href":"https:\/\/scs-computer-service.de\/en\/wp-json\/wp\/v2\/users\/1"}],"replies":[{"embeddable":true,"href":"https:\/\/scs-computer-service.de\/en\/wp-json\/wp\/v2\/comments?post=117"}],"version-history":[{"count":7,"href":"https:\/\/scs-computer-service.de\/en\/wp-json\/wp\/v2\/pages\/117\/revisions"}],"predecessor-version":[{"id":784,"href":"https:\/\/scs-computer-service.de\/en\/wp-json\/wp\/v2\/pages\/117\/revisions\/784"}],"wp:attachment":[{"href":"https:\/\/scs-computer-service.de\/en\/wp-json\/wp\/v2\/media?parent=117"}],"curies":[{"name":"wp","href":"https:\/\/api.w.org\/{rel}","templated":true}]}}