{"id":115,"date":"2020-09-18T11:00:22","date_gmt":"2020-09-18T09:00:22","guid":{"rendered":"https:\/\/scs-kasse24.de\/?page_id=115"},"modified":"2020-10-14T15:23:07","modified_gmt":"2020-10-14T13:23:07","slug":"zahlungsarten","status":"publish","type":"page","link":"https:\/\/scs-computer-service.de\/en\/zahlungsarten\/","title":{"rendered":"Zahlungsarten"},"content":{"rendered":"<h2><span>Zahlungsm\u00f6glichkeiten <\/span><\/h2>\n\n\n\n<p>Hier im SCS Online-Shop k\u00f6nnen Sie wahlweise mit Bank\u00fcberweisung, PayPal und Kreditkarte bezahlen. Im Einzelfall behalten wir uns das Recht vor, bestimmte Zahlungsarten auszuschliessen.<\/p>\n\n\n\n<h2><span>Zahlung per Kreditkarte mit Klarna<\/span><\/h2>\n\n\n\n<p>Der SCS Online-Shop akzeptiert Euro\/Mastercard und Visa. Zum Zeitpunkt der Bestellung wird der Rechnungsbetrag von Ihrer Kreditkarte komplett belastet.<\/p>\n\n\n\n<p>F\u00fcr zus\u00e4tzliche Sicherheit wird im Rahmen des Bestellprozess die Pr\u00fcfnummer Ihrer Kreditkarte abgefragt. Die dreistellige Kartenpr\u00fcfnummer finden Sie im Unterschriftsfeld auf der R\u00fcckseite Ihrer Kreditkarte. &nbsp;<\/p>\n\n\n\n<h2><span>Zus\u00e4tzliche Sicherheit bei Zahlung mit Kreditkarte<\/span><\/h2>\n\n\n\n<p>SCS garantiert Ihnen, dass Ihre hochsensiblen Informationen vor dem Zugriff Dritter absolut sicher sind, da das Unternehmen zum Schutz Ihrer Daten modernste Technik einsetzt und alle Eingaben verschl\u00fcsselt via SSL-Verbindung mit 128-Bit versendet. Dar\u00fcber hinaus erf\u00fcllt SCS die Anforderungen des vorgeschriebenen Payment Card Industry Data Security Standards.<\/p>\n\n\n\n<p>3-D Secure (Verified by VISA und MasterCard Secure Code) erm\u00f6glicht die sichere Abwicklung von Kreditkartentransaktionen im Internet \u00fcber spezielle Verschl\u00fcsselungsverfahren. 3-D Secure kommt ohne Softwareinstallation aus und kann auch von noch nicht registrierten Kunden verwendet werden. Bei der Zahlungsabwicklung werden Sie automatisch auf die Seite Ihrer Bank weitergeleitet. Um die Bestellung erfolgreich abzuschlie\u00dfen folgen Sie bitte den hier angegebenen Anweisungen.&nbsp;<\/p>\n\n\n\n<h2><span>Zahlung per PayPal<\/span><\/h2>\n\n\n\n<p>PayPal ist der Online-Zahlungsservice, mit dem Sie sicher, einfach und schnell bezahlen. Ihre Bank- oder Kreditkartendaten sind nur bei PayPal hinterlegt. Deshalb werden sie nicht bei jedem Online-Einkauf erneut \u00fcbers Internet gesendet &#8211; das macht PayPal-Zahlungen extra sicher. Sie zahlen au\u00dferdem ganz einfach mit zwei Klicks. Denn Sie greifen auf Ihre bei PayPal hinterlegten Bank- oder Kreditkartendaten zur\u00fcck, anstatt sie bei jedem Kauf wieder einzugeben. \u00dcbrigens: PayPal genie\u00dft gro\u00dfes Vertrauen bei K\u00e4ufern und Verk\u00e4ufern. Jeder dritte Online-K\u00e4ufer in Deutschland hat bereits ein PayPal-Konto und weltweit gibt es \u00fcber 175 Millionen Konten in 190 L\u00e4ndern. Er\u00f6ffnen Sie ein kostenloses PayPal-Konto und verkn\u00fcpfen Sie dieses mit Ihrem Bankkonto oder Ihrer Kreditkarte \u2013 dann wird Ihr n\u00e4chster Einkauf noch einfacher. Weitere Informationen zu PayPal finden Sie unter\u00a0<a rel=\"noreferrer noopener\" href=\"http:\/\/www.paypal.de\/\" target=\"_blank\">www.paypal.de<\/a>.\u00a0<\/p>\n\n\n\n<h2><span>Zahlungen per Sofort\u00fcberweisung<\/span><\/h2>\n\n\n\n<p>Sofort\u00fcberweisung ist das Direkt-\u00dcberweisungsverfahren der Payment Network AG. Mit Sofort\u00fcberweisung stellen Sie noch w\u00e4hrend Ihrer Bestellung bequem eine \u00dcberweisung \u00fcber den jeweiligen Betrag in Ihr Online-Banking-Konto ein. Der H\u00e4ndler erh\u00e4lt nach Abschluss der Sofort\u00fcberweisung eine Echtzeitbest\u00e4tigung. So kann der Artikel sofort versendet werden. Sofort\u00fcberweisung entspricht den hohen Sicherheitsstandards des Online-Bankings und verf\u00fcgt \u00fcber T\u00dcV-gepr\u00fcften Datenschutz. Sie m\u00fcssen sich weder registrieren noch ben\u00f6tigen Sie eine Kreditkarte. Sie bezahlen einfach, sicher und schnell direkt mit Ihrem Online-Bankkonto. Weitere Informationen zu Sofort\u00fcberweisung finden Sie unter\u00a0<a rel=\"noreferrer noopener\" href=\"http:\/\/www.sofort.com\/\" target=\"_blank\">www.sofort.com<\/a>.\u00a0<\/p>","protected":false},"excerpt":{"rendered":"<p>Zahlungsm\u00f6glichkeiten Hier im SCS Online-Shop k\u00f6nnen Sie wahlweise mit Bank\u00fcberweisung, PayPal und Kreditkarte bezahlen. Im Einzelfall behalten wir uns das Recht vor, bestimmte Zahlungsarten auszuschliessen. Zahlung per Kreditkarte mit Klarna Der SCS Online-Shop akzeptiert Euro\/Mastercard und Visa. Zum Zeitpunkt der Bestellung wird der Rechnungsbetrag von Ihrer Kreditkarte komplett belastet. F\u00fcr zus\u00e4tzliche Sicherheit wird im Rahmen [&hellip;]<\/p>","protected":false},"author":1,"featured_media":0,"parent":0,"menu_order":0,"comment_status":"closed","ping_status":"closed","template":"","meta":[],"_links":{"self":[{"href":"https:\/\/scs-computer-service.de\/en\/wp-json\/wp\/v2\/pages\/115"}],"collection":[{"href":"https:\/\/scs-computer-service.de\/en\/wp-json\/wp\/v2\/pages"}],"about":[{"href":"https:\/\/scs-computer-service.de\/en\/wp-json\/wp\/v2\/types\/page"}],"author":[{"embeddable":true,"href":"https:\/\/scs-computer-service.de\/en\/wp-json\/wp\/v2\/users\/1"}],"replies":[{"embeddable":true,"href":"https:\/\/scs-computer-service.de\/en\/wp-json\/wp\/v2\/comments?post=115"}],"version-history":[{"count":2,"href":"https:\/\/scs-computer-service.de\/en\/wp-json\/wp\/v2\/pages\/115\/revisions"}],"predecessor-version":[{"id":470,"href":"https:\/\/scs-computer-service.de\/en\/wp-json\/wp\/v2\/pages\/115\/revisions\/470"}],"wp:attachment":[{"href":"https:\/\/scs-computer-service.de\/en\/wp-json\/wp\/v2\/media?parent=115"}],"curies":[{"name":"wp","href":"https:\/\/api.w.org\/{rel}","templated":true}]}}