{"id":111,"date":"2020-09-18T10:50:12","date_gmt":"2020-09-18T08:50:12","guid":{"rendered":"https:\/\/scs-kasse24.de\/?page_id=111"},"modified":"2020-12-23T12:39:40","modified_gmt":"2020-12-23T11:39:40","slug":"impressum","status":"publish","type":"page","link":"https:\/\/scs-computer-service.de\/en\/impressum\/","title":{"rendered":"Impressum"},"content":{"rendered":"<h2><span>Betreiber dieser Internetseite (verantwortliche Stelle)<\/span><\/h2>\n\n\n\n<p>Firma: SCS Schreiber Computer Service GmbH<br><\/p>\n\n\n\n<p>Verantwortlicher im Sinne von \u00a7 18 Abs. 2 MStV:<br>Ren\u00e9 Schreiber<br>Am Urbacher Wall, 14<br>51145 K\u00f6ln<br>Deutschland<br><br>E-Mail: <a href=\"&#109;a&#x69;l&#x74;&#111;&#x3a;&#105;&#x6e;&#102;o&#x40;s&#x63;&#115;&#x2d;&#99;&#x6f;&#109;&#x70;&#117;t&#x65;r&#x2d;&#115;&#x65;&#114;&#x76;&#105;c&#x65;&#46;&#x64;&#101;\">&#x69;&#x6e;&#102;o&#x40;&#x73;&#99;s-&#x63;&#x6f;&#109;p&#x75;&#x74;&#101;&#114;-&#x73;&#x65;&#114;v&#x69;&#x63;&#101;&#46;d&#x65;<\/a><br>Telefon: <a href=\"tel:+492203932480\">+49 (0)2203 \/ 93 24 80<\/a><br><br>Umsatzsteuer-Identifikationsnummer gem\u00e4\u00df \u00a7 27 a Umsatzsteuergesetz: DE 292920747<br>Amtsgericht: HRB K\u00f6ln 80306<\/p>\n\n\n\n<h2><span>Haftungshinweis<\/span><\/h2>\n\n\n\n<p>Trotz sorgf\u00e4ltiger inhaltlicher Kontrolle \u00fcbernehmen wir keine Haftung f\u00fcr die Inhalte externer Links. F\u00fcr den Inhalt der verlinkten Seiten sind ausschlie\u00dflich deren Betreiber verantwortlich.<\/p>\n\n\n\n<h2><span>Online-Streitbeilegung<\/span><\/h2>\n\n\n<div class=\"woocommerce woocommerce-gzd woocommerce-gzd-complaints-shortcode\">\n    <h3>Alternative Dispute Resolution in accordance with Art. 14 (1) ODR-VO and \u00a7 36 VSBG:<\/h3>\n\n<p>Die Europ\u00e4ische Kommission stellt eine Plattform zur Online-Streitbeilegung (OS) bereit, die du unter <a href=\"https:\/\/ec.europa.eu\/consumers\/odr\" target=\"_blank\">https:\/\/ec.europa.eu\/consumers\/odr<\/a> findest. Zur Teilnahme an einem Streitbeilegungsverfahren vor einer Verbraucherschlichtungsstelle sind wir nicht verpflichtet, hierzu jedoch grunds\u00e4tzlich bereit.<\/p>\n<\/div>","protected":false},"excerpt":{"rendered":"<p>Betreiber dieser Internetseite (verantwortliche Stelle) Firma: SCS Schreiber Computer Service GmbH Verantwortlicher im Sinne von \u00a7 18 Abs. 2 MStV:Ren\u00e9 SchreiberAm Urbacher Wall, 1451145 K\u00f6lnDeutschland E-Mail: &#x69;&#110;&#102;&#x6f;&#x40;&#115;&#99;&#x73;&#x2d;&#99;&#111;&#x6d;&#x70;&#117;&#116;&#x65;&#x72;&#45;&#115;&#x65;&#x72;&#118;&#105;&#x63;&#x65;&#46;&#100;&#x65;Telefon: +49 (0)2203 \/ 93 24 80 Umsatzsteuer-Identifikationsnummer gem\u00e4\u00df \u00a7 27 a Umsatzsteuergesetz: DE 292920747Amtsgericht: HRB K\u00f6ln 80306 Haftungshinweis Trotz sorgf\u00e4ltiger inhaltlicher Kontrolle \u00fcbernehmen wir keine Haftung f\u00fcr die [&hellip;]<\/p>","protected":false},"author":1,"featured_media":0,"parent":0,"menu_order":0,"comment_status":"closed","ping_status":"closed","template":"","meta":[],"_links":{"self":[{"href":"https:\/\/scs-computer-service.de\/en\/wp-json\/wp\/v2\/pages\/111"}],"collection":[{"href":"https:\/\/scs-computer-service.de\/en\/wp-json\/wp\/v2\/pages"}],"about":[{"href":"https:\/\/scs-computer-service.de\/en\/wp-json\/wp\/v2\/types\/page"}],"author":[{"embeddable":true,"href":"https:\/\/scs-computer-service.de\/en\/wp-json\/wp\/v2\/users\/1"}],"replies":[{"embeddable":true,"href":"https:\/\/scs-computer-service.de\/en\/wp-json\/wp\/v2\/comments?post=111"}],"version-history":[{"count":15,"href":"https:\/\/scs-computer-service.de\/en\/wp-json\/wp\/v2\/pages\/111\/revisions"}],"predecessor-version":[{"id":658,"href":"https:\/\/scs-computer-service.de\/en\/wp-json\/wp\/v2\/pages\/111\/revisions\/658"}],"wp:attachment":[{"href":"https:\/\/scs-computer-service.de\/en\/wp-json\/wp\/v2\/media?parent=111"}],"curies":[{"name":"wp","href":"https:\/\/api.w.org\/{rel}","templated":true}]}}