{"id":768,"date":"2021-02-04T09:49:16","date_gmt":"2021-02-04T08:49:16","guid":{"rendered":"https:\/\/scs-kasse24.de\/?post_type=product&#038;p=768"},"modified":"2025-10-10T07:52:56","modified_gmt":"2025-10-10T05:52:56","slug":"diebold-nixdorf-beetle-a1150-serie","status":"publish","type":"product","link":"https:\/\/scs-computer-service.de\/de\/produkt\/diebold-nixdorf-beetle-a1150-serie\/","title":{"rendered":"01750342053 Diebold Nixdorf Beetle A1150 Serie"},"content":{"rendered":"<p><em><strong>Diebold Nixdorf Beetle A1150 Serie<\/strong><\/em><\/p>\n<p>Bezahlvorg\u00e4nge unterliegen einem raschen Wandel und Checkout-<br \/>\nL\u00f6sungen spielen bei der modernen Consumer-Journey eine wichtige<br \/>\nRolle. Der innovative BEETLE A1050 ist ein All-in-one POS-Terminal- und<br \/>\nKiosksystem mit 15\u201d gro\u00dfem Touchscreen und staubfreiem, l\u00fcfterlosen<br \/>\nSystemdesign, das in der Branche neue Ma\u00dfst\u00e4be setzt. Stellen Sie sich<br \/>\ndank seiner Modularit\u00e4t und Skalierbarkeit schneller als je zuvor auf Ihre<br \/>\nAnforderungen und gesch\u00e4ftliche Notwendigkeiten ein.<br \/>\nSein modulares und skalierbares Design, konsistente Software und einheitliche Komponenten vereinfachen die Wartung, bieten<br \/>\numfassende Update-M\u00f6glichkeiten, sichern Ihre Investitionen und machen das System zur perfekten L\u00f6sung f\u00fcr Filialen und<br \/>\nRestaurants rund um den Globus. Der BEETLE A1050 gibt Ihnen die M\u00f6glichkeiten, mehr zu erreichen.<\/p>\n<p>ANWENDUNG<br \/>\n\u2022 Frontend-Kassensystem<br \/>\n\u2022 Kiosk-L\u00f6sung<br \/>\n\u2022 Informations- \/ Service-Terminal<\/p>\n<table style=\"height: 652px;\" width=\"602\">\n<tbody>\n<tr>\n<td>Bildschrim<\/td>\n<td>\u2022 15,6\u201d-LCD-Display mit LED Hintergrundbeleuchtung,16:9<br \/>\n\u2022 Full-HD-Aufl\u00f6sung 1.920 x 1,080<br \/>\n\u2022 Projizierte-kapazitive Multi-Touch-Technologie<\/td>\n<\/tr>\n<tr>\n<td>PROZESSOR<\/td>\n<td>Intel Celeron Whiskey Lake U 4305UE \/2x 2,0 GHz<\/td>\n<\/tr>\n<tr>\n<td>HAUPTSPEICHER<\/td>\n<td>4GB DDR4 RAM<\/td>\n<\/tr>\n<tr>\n<td>Festplatte<\/td>\n<td>SSD 128GB<\/td>\n<\/tr>\n<\/tbody>\n<tbody>\n<tr>\n<td>SCHNITTSTELLEN<\/td>\n<td>\u2022 RS232 (umschaltbar 0\/5\/12V): 2<br \/>\n\u2022 USB (2.0\/3.0): 2\/2<br \/>\n\u2022 USB-C (PD 5V\/12V + DisplayPort)<br \/>\n\u2022 USB-C (PD 5V\/24V f\u00fcr Drucker)<br \/>\n\u2022 Geldlade<br \/>\n\u2022 Ethernet LAN: 1Gbit\/s<\/td>\n<\/tr>\n<tr>\n<td>HUB Schnitstellen<\/td>\n<td>\u2022 USB-C (PD + DisplayPort)<br \/>\n\u2022 USB-C (Uplink zum System)<br \/>\n\u2022 PoweredUSB (12\/24V): 1\/1<br \/>\n\u2022 USB 3.0: 2<br \/>\n\u2022 RS232 (umschaltbar 0\/5\/12V): 3<br \/>\n\u2022 Ethernet LAN: 10\/100\/1000 Mbit\/s<br \/>\n\u2022 Geldlade<\/td>\n<\/tr>\n<tr>\n<td>ADAPTIERBARE<br \/>\nPERIPHERIEGER\u00c4TE<\/td>\n<td>10.1&#8243; LCD &#8211; black none touch (an der R\u00fcckseite)<\/td>\n<\/tr>\n<tr>\n<td>Abmessung<\/td>\n<td>Breite:\u00a0 \u00a0 339 mm (inkl. Fu\u00df)<br \/>\nTiefe:\u00a0 \u00a0 \u00a0 207 mm<br \/>\nH\u00f6he:\u00a0 \u00a0 \u00a0377 mm (inkl. Fu\u00df)<\/td>\n<\/tr>\n<\/tbody>\n<tbody>\n<tr>\n<td>Betriebssysteme<\/td>\n<td>\u00a0Windows 10 IoT Enterprise<\/td>\n<\/tr>\n<\/tbody>\n<\/table>\n<p>&nbsp;<\/p>\n<p>&nbsp;<\/p>\n<p>Der BEETLE A1050 ist eine robuste L\u00f6sung, die Zuverl\u00e4ssigkeit in industrieller<br \/>\nQualit\u00e4t mit der Eleganz eines innovativen Produktdesigns kombiniert:<br \/>\n\u2022 Das l\u00fcfterlose Design erh\u00f6ht Zuverl\u00e4ssigkeit und Systemverf\u00fcgbarkeit<br \/>\n\u2022 Das staubgesch\u00fctzte, geschlossene Geh\u00e4use sch\u00fctzt das Ger\u00e4teinnere vor<br \/>\nVerschmutzung und Fremdk\u00f6rpern<br \/>\n\u2022 Spritzwassergesch\u00fctzt gem\u00e4\u00df IP54-Spezifikation<br \/>\nIntegriert und modular<br \/>\nEine einheitliche modulare Hardware-Plattform bestehend aus austauschbaren<br \/>\nTouch-Panels, Motherboards, I\/O Hubs sowie integrierter Peripherieger\u00e4te<br \/>\nunterst\u00fctzt von standardbasierter System-Software und Middleware<br \/>\nsowie intelligenten Services stellt eine reibungslose Integration in das<br \/>\nWertsch\u00f6pfungsnetzwerk Ihres Unternehmens sicher.<br \/>\nVielseitig<br \/>\nDer BEETLE A1050 passt sich an spezifische Anforderungen an und f\u00fcgt sich<br \/>\noptimal in jede Filialumgebung ein:<br \/>\n\u2022 Die neueste Ultra-Low-Voltage Whiskey Lake U Prozessortechnologie von Intel<br \/>\nkombiniert skalierbare Performance mit herausragender Energieeffizienz<br \/>\n\u2022 Ein skalierbares I\/O-Schnittstellenkonzept erm\u00f6glicht ma\u00dfgeschneiderte<br \/>\nKonnektivit\u00e4t.<br \/>\n\u2022 Integriertes WLAN und VESA-Kompatibilit\u00e4t unterst\u00fctzen eine flexible Montage<br \/>\nin der Filiale, beispielsweise an einem Tresen, einer Stange oder einer Wand<br \/>\n\u2022 Adaptierbare Peripherieger\u00e4te sparen wertvollen Platz: Magnetkartenleser,<br \/>\niButton, NFC-Leser und Kundendisplays in verschiedenen Gr\u00f6\u00dfen.<\/p>\n","protected":false},"excerpt":{"rendered":"<p>Neu+ OVP<\/p>\n<p>01780342053<\/p>\n<p>&nbsp;<\/p>\n","protected":false},"featured_media":769,"comment_status":"closed","ping_status":"closed","template":"","meta":[],"_links":{"self":[{"href":"https:\/\/scs-computer-service.de\/de\/wp-json\/wp\/v2\/product\/768"}],"collection":[{"href":"https:\/\/scs-computer-service.de\/de\/wp-json\/wp\/v2\/product"}],"about":[{"href":"https:\/\/scs-computer-service.de\/de\/wp-json\/wp\/v2\/types\/product"}],"replies":[{"embeddable":true,"href":"https:\/\/scs-computer-service.de\/de\/wp-json\/wp\/v2\/comments?post=768"}],"wp:featuredmedia":[{"embeddable":true,"href":"https:\/\/scs-computer-service.de\/de\/wp-json\/wp\/v2\/media\/769"}],"wp:attachment":[{"href":"https:\/\/scs-computer-service.de\/de\/wp-json\/wp\/v2\/media?parent=768"}],"curies":[{"name":"wp","href":"https:\/\/api.w.org\/{rel}","templated":true}]}}