{"id":414,"date":"2020-10-09T12:06:46","date_gmt":"2020-10-09T10:06:46","guid":{"rendered":"https:\/\/scs-kasse24.de\/?post_type=product&#038;p=414"},"modified":"2022-01-27T12:23:47","modified_gmt":"2022-01-27T11:23:47","slug":"pospole-halterung-1x-vesa-74-1x-haltearm-vesa-75-100","status":"publish","type":"product","link":"https:\/\/scs-computer-service.de\/de\/produkt\/pospole-halterung-1x-vesa-74-1x-haltearm-vesa-75-100\/","title":{"rendered":"Pospole Halterung 1x Vesa 75, 1x Haltearm+ Vesa 75\/100"},"content":{"rendered":"<h2>Pospole Montagel\u00f6sungen f\u00fcr Ihr POS System<\/h2>\n<p><span style=\"color: #000000; font-family: Open Sans, sans-serif;\"><b>POSPOLE ist ein flexibles, kombinierbares System, mit dem Hardwarekomponenten kompakt und platzsparend montiert werden k\u00f6nnen. Die Teile bestehen aus pulverbeschichtetem Blech oder Edelstahl, um maximale Haltbarkeit zu gew\u00e4hrleisten. POSPOLE Basic Parts ist eine st\u00e4ndig wachsende Auswahl an Einzelteilen, die kombiniert werden k\u00f6nnen, um die gew\u00fcnschte L\u00f6sung zu erstellen.\u00a0<\/b><\/span><\/p>\n<p><span style=\"color: #000000; font-family: Open Sans, sans-serif;\"><b>Einfach zu aktualisieren, wenn Komponenten ge\u00e4ndert werden oder ein neuer Bedarf auftritt. Diese Flexibilit\u00e4t erleichtert es Wiederverk\u00e4ufern, die Bed\u00fcrfnisse ihrer Kunden zu erf\u00fcllen, ohne unn\u00f6tige Teile auf Lager zu halten. Ein weiterer wichtiger Punkt ist die Kompatibilit\u00e4t mit vorhandenen Installationen.<\/b><\/span><\/p>\n<table>\n<tbody>\n<tr>\n<td>Hersteller:<\/td>\n<td>Pospole<\/td>\n<\/tr>\n<tr>\n<td>Basisrohr:<\/td>\n<td>500mm, 45mm Durchmesser vom Rohr, 38mm Top Einsatz, 4x Iso 7380 M6 50mm Schrauben<\/td>\n<\/tr>\n<tr>\n<td>Haltearm:<\/td>\n<td>250mm, 45mm auf 38mm<\/td>\n<\/tr>\n<tr>\n<td>Vesa 75:<\/td>\n<td>45mm Durchmesser vom Aufsatz, 3-10 KG<\/td>\n<\/tr>\n<tr>\n<td>Vesa 75\/100:<\/td>\n<td>38mm Durchmesser, 3-8 KG<\/td>\n<\/tr>\n<\/tbody>\n<\/table>\n<p>&nbsp;<\/p>\n<p>&nbsp;<\/p>\n","protected":false},"excerpt":{"rendered":"<p>Neuer Artikel<\/p>\n<p>1xPOS Basisstand\/ 1x Vesa 75, 1x Haltearm+ Vesa 75\/100<\/p>\n","protected":false},"featured_media":415,"comment_status":"closed","ping_status":"closed","template":"","meta":[],"_links":{"self":[{"href":"https:\/\/scs-computer-service.de\/de\/wp-json\/wp\/v2\/product\/414"}],"collection":[{"href":"https:\/\/scs-computer-service.de\/de\/wp-json\/wp\/v2\/product"}],"about":[{"href":"https:\/\/scs-computer-service.de\/de\/wp-json\/wp\/v2\/types\/product"}],"replies":[{"embeddable":true,"href":"https:\/\/scs-computer-service.de\/de\/wp-json\/wp\/v2\/comments?post=414"}],"wp:featuredmedia":[{"embeddable":true,"href":"https:\/\/scs-computer-service.de\/de\/wp-json\/wp\/v2\/media\/415"}],"wp:attachment":[{"href":"https:\/\/scs-computer-service.de\/de\/wp-json\/wp\/v2\/media?parent=414"}],"curies":[{"name":"wp","href":"https:\/\/api.w.org\/{rel}","templated":true}]}}