{"id":32,"date":"2020-09-17T14:59:25","date_gmt":"2020-09-17T12:59:25","guid":{"rendered":"https:\/\/scs-kasse24.de\/produkt\/import-placeholder-for-85\/"},"modified":"2023-02-08T20:03:47","modified_gmt":"2023-02-08T19:03:47","slug":"01750247935-beetle-m-ii-plus-g41-motherboard","status":"publish","type":"product","link":"https:\/\/scs-computer-service.de\/de\/produkt\/01750247935-beetle-m-ii-plus-g41-motherboard\/","title":{"rendered":"01750247935 Beetle M-II plus  G41 Motherboard"},"content":{"rendered":"<p>&nbsp;<\/p>\n<h3>Wincor NIXDORF BEETLE M-II plus G41 Motherboard 01750247935<\/h3>\n<div>Das Motherboard G41 ist der n\u00e4chste Schritt in der Klasse der BEETLE-Desktop-Systeme. Der Vorteil liegt in der Verwendung des neuen Express-Chipsatzes G41, f\u00fcr den er entwickelt wurde neue Generation von Intel Mikroprozessoren namens Core 2 Duo (&#8222;Conroe&#8220; mit 65nm-Technologie &#8222;(&#8220; Wolfdale &#8222;mit 45nm&#8220;). Die beiden Desktop-Mikroprozessorkerne teilen sich den L2-Cache mit 2 MB (oder 6 MB) und kommunizieren \u00fcber einen schnellen Frontside Bus (800MHz, 1066MHz und 1333MHz) mit dem Chipsatz. Das G41 Motherboard ist damit mit einem DDR 3 SDRAM ausgestattet h\u00f6here Leistung. Dieses Handbuch bietet Ihnen alle wichtigen technischen Funktionen des G41 Motherboard und f\u00fchrt Sie durch die Men\u00fcs des BIOS-Setups.<\/div>\n<div><\/div>\n<div>\n<p>Supported Systems: BEETLE \/MII plus, BEETLE \/SII plus<\/p>\n<p>Architecture: PC- compatible with POS -specific functional units<\/p>\n<p>Operating Modes: Normal Mode S0, S2R S3, S2D S4, S5<\/p>\n<p>Power Management: ACPI 3.0<\/p>\n<p>Operating Systems: WIN XP, WIN XP Embedded, POSReady 2009, WNLPOS, LINUX, Win7 prepared<\/p>\n<p>Microprocessors: INTEL Core 2 Duo E7400 processor(775 Pin LGA775 package,45 nm technology) 2.80 GHz<\/p>\n<p>INTEL Pentium E5300 processor (775 Pin LGA775 package,45 nm technology) 2.60 GHz<\/p>\n<p>INTEL Pentium E2160 processor (775 Pin LGA775 package,65 nm technology) 1.80 GHz<\/p>\n<p>INTEL Celeron E1500 processor (775 Pin LGA775 package,65 nm technology) 2.20 GHz<\/p>\n<p>INTEL Celeron 440 processor(775 Pin LGA775 package,65nm technology) 2.0 GHz<\/p>\n<p>Chipset:-INTEL chipset G41\/ICH7<\/p>\n<p>Graphic and Memory Controller Hub (GMCH) with the following functions:<\/p>\n<p>Memory Cntrl. supports DDR3 SDRAM with 800\/1066MHz System memory bus UMA (Unified Memory Architecture),<\/p>\n<p>Graphic supports 2D and 3D video streams, Plug and Play Display Functionality Video memory with INTEL<\/p>\n<p>Graphics Driver up to 1GB with WinXP (Dynamic Video Memory Technology)<\/p>\n<p>Max. 3D Resolution:\u00a0 2048&#215;1536 @ 75 Hz analog, 2560&#215;1600 @ 60 Hz digital<\/p>\n<p>I\/O Controller Hub 7 (ICH7) : SATA II \u2013 Cntrl., USB Cntrl. UHCI (4) and EHCI (1),<\/p>\n<p>Interrupt-Cntrl., DMA-Cntrl., LPC-Interface, RTC, SMBus-Host interface<\/p>\n<p>Main Memory: 512 MB up to max. 4GB, 2 DIMM \u2013 sockets (240pin), 1.5 V DDR3 SDRAM technology<\/p>\n<p>based on 512Mb and 1Gb technology, unbuffered non ECC, DDR3-800\/1066 Standard DIMM, Height up to 35 mm<\/p>\n<p>Clock Synthesizer: CK505 compliant RTM875T-531 from Realtek<\/p>\n<p>Super I\/O IT8783F: 6 Serial Ports, PS\/2 KB &amp; Mouse Interface, HW-Monitor<\/p>\n<p>Sound Controller: ALC262 Audio Codec controller from Realtek with the following HDA functions:<\/p>\n<p>24 Bit Stereo DAC and 20 Bit Stereo ADC Mono Mic Input (MIC), Stereo Line-Level Output,<\/p>\n<p>Sound connection Mono Microphone Input, Stereo Speaker Output (2 x 1,25 W@ 8 Ohm)<\/p>\n<p><b>Lieferumfang: ohne weiters Zubeh\u00f6r (wie z.B. Treiber, CPU, Speicher etc.)<\/b><\/p>\n<\/div>\n","protected":false},"excerpt":{"rendered":"<p>Wincor Nixdorf 01750247935, Neu<\/p>\n","protected":false},"featured_media":680,"comment_status":"open","ping_status":"closed","template":"","meta":[],"_links":{"self":[{"href":"https:\/\/scs-computer-service.de\/de\/wp-json\/wp\/v2\/product\/32"}],"collection":[{"href":"https:\/\/scs-computer-service.de\/de\/wp-json\/wp\/v2\/product"}],"about":[{"href":"https:\/\/scs-computer-service.de\/de\/wp-json\/wp\/v2\/types\/product"}],"replies":[{"embeddable":true,"href":"https:\/\/scs-computer-service.de\/de\/wp-json\/wp\/v2\/comments?post=32"}],"wp:featuredmedia":[{"embeddable":true,"href":"https:\/\/scs-computer-service.de\/de\/wp-json\/wp\/v2\/media\/680"}],"wp:attachment":[{"href":"https:\/\/scs-computer-service.de\/de\/wp-json\/wp\/v2\/media?parent=32"}],"curies":[{"name":"wp","href":"https:\/\/api.w.org\/{rel}","templated":true}]}}