{"id":24,"date":"2020-09-17T14:59:25","date_gmt":"2020-09-17T12:59:25","guid":{"rendered":"https:\/\/scs-kasse24.de\/produkt\/import-placeholder-for-75\/"},"modified":"2025-12-02T14:33:26","modified_gmt":"2025-12-02T13:33:26","slug":"uniclass-al-832ask-professional","status":"publish","type":"product","link":"https:\/\/scs-computer-service.de\/de\/produkt\/uniclass-al-832ask-professional\/","title":{"rendered":"UNICLASS AL-832ASK Professional"},"content":{"rendered":"<p>Technische HINWEISE<\/p>\n<p>UNIFYING, Bluetooth funktionieren nur mit Standard-Funktionen, da dies keine Tastatur\/Maus-Protokolle sind, die erst im Rechner auf Tastatur\/Maus-Daten umgesetzt werden. Am Emulations-Port des KVM-Switches werden diese Funk-Tastaturen dann mit einem Standard-Tastatur\/Maus-Protokoll betrieben.<\/p>\n<p>Reine USB 2.0 (nicht USB 1.1 kompatibel) Tastaturen, wie Logitech Gaming-Tastaturen G19 uund G110 k\u00f6nnen nur im 3.0 Device-Port des KVM-Switches betrieben werden, der dann nur \u00fcber dessen Front-Tasten (nicht \u00fcber Hotkey) umgeschaltet werden kann, da Emulationen grunds\u00e4tzlich nur auf USB 1.1 basieren.<\/p>\n<p>\u2022 Bei Monitoren, die &gt;1920&#215;1200 k\u00f6nnen m\u00fcssen das Display und auch die Grafikkarten Dual Link DVI unterst\u00fctzen.<\/p>\n<p>\u2022 Mit dem optionalen Y-Adapterkabel 2071-1,8M-DL zwischen KVM-Switch und Display kann auch ein VGA-Rechner mit angeschlossen werden.<\/p>\n<p>Dazu wird das Y-Kabel vom KVM-Switch zum TFT mit VGA- und DVI-Input gesteckt.<\/p>\n<p>Zus\u00e4tzlich wird ein Adapterkabel 17782 zwischen VGA-PC und dem Eingang am KVM-Switch ben\u00f6tigt.<\/p>\n<p>ACHTUNG: eine Funktion dieser Mischung von analogen und digitalen Signalen kann nicht garantiert werden und ist abh\u00e4ngig vom verwendeten Display.<\/p>\n<p>Modell Nr.: &#8211;AL-832ASK (&#8222;SK&#8220; steht f\u00fcr Starter Kit = inkl. Kabel)<\/p>\n<p>&nbsp;<\/p>\n<table style=\"height: 1426px;\" width=\"843\">\n<tbody>\n<tr>\n<td>PC-Anschl\u00fcsse<\/td>\n<td>2<\/td>\n<\/tr>\n<tr>\n<td>Konsolen-Anschl\u00fcsse<\/td>\n<td>1<\/td>\n<\/tr>\n<tr>\n<td>Konsolen-Anschl\u00fcsse<\/td>\n<td>1 x Tastatur-Typ\/A Buchse<\/td>\n<\/tr>\n<tr>\n<td><\/td>\n<td>Real-emuliert<\/td>\n<\/tr>\n<tr>\n<td><\/td>\n<td>permanent eingebucht<\/td>\n<\/tr>\n<tr>\n<td><\/td>\n<td>auch f\u00fcr Wireless-Sticks von Funk-Kombinationen geeignet<\/td>\n<\/tr>\n<tr>\n<td><\/td>\n<td>erm\u00f6glicht die Hotkey-Umschaltung<\/td>\n<\/tr>\n<tr>\n<td><\/td>\n<td>1 x Maus-Typ\/A Buchse<\/td>\n<\/tr>\n<tr>\n<td>Real emuliert<\/td>\n<td>2 x USB 3.0 Type\/A Buchse f\u00fcr USB Ger\u00e4te<\/td>\n<\/tr>\n<tr>\n<td><\/td>\n<td>1 x DVI-I 24+5 Buchse<\/td>\n<\/tr>\n<tr>\n<td><\/td>\n<td>1 x 3,5 mm Audio-Buchse<\/td>\n<\/tr>\n<tr>\n<td><\/td>\n<td>1 x 3,5 mm Mik-Buchse<\/td>\n<\/tr>\n<tr>\n<td>PC-Anschl\u00fcsse<\/td>\n<td>Insgesamt (je PC immer nur 1 Stecker)<\/td>\n<\/tr>\n<tr>\n<td><\/td>\n<td>2 x USB 3.0 Typ\/B Buchse<\/td>\n<\/tr>\n<tr>\n<td><\/td>\n<td>2 x DVI-I Buchse<\/td>\n<\/tr>\n<tr>\n<td><\/td>\n<td>2 x 3,5 mm Lautsprecher Buchse<\/td>\n<\/tr>\n<tr>\n<td><\/td>\n<td>2 x 3,5 mm Mikrofon Buchse<\/td>\n<\/tr>\n<tr>\n<td>Mitgelieferte PC-Kabel<\/td>\n<td>2 x 1,2m USB Typ A\/B Anschluss<\/td>\n<\/tr>\n<tr>\n<td><\/td>\n<td>2 x 1,2m DVI-D (Dual Link)<\/td>\n<\/tr>\n<tr>\n<td><\/td>\n<td>2 x 1,2m Stereo-Audio<\/td>\n<\/tr>\n<tr>\n<td>Smart-Touch<\/td>\n<td>2 x Smart-Touch Tasten zur manuellen drucklosen Umschaltung zwischen PC1 und PC 2<\/p>\n<p>PC-Auswahl \u00fcber Smart-Touch-Tasten<\/td>\n<\/tr>\n<tr>\n<td>Hotkey<\/td>\n<td>Tastenfolge an Tastaturpermanent und unabh\u00e4ngig vom Rechner-Zustand m\u00f6glich<\/p>\n<p>ohne Installation von Software<\/td>\n<\/tr>\n<tr>\n<td>PC-Port LEDs<\/td>\n<td>2 x wei\u00df = zeigt gew\u00e4hlten PC<\/td>\n<\/tr>\n<tr>\n<td>2 x rot<\/td>\n<td>zeigt die unabh\u00e4ngig schaltbare Position des inegrierten USB 3.0 Switching Hubs<\/p>\n<p>max.Video-Aufl\u00f6sung: &#8211;DVI: Dual Link = bis zu 2560 x 1600 digital<\/p>\n<p>analog (siehe Erl\u00e4uterung oberhalb*) = bis zu 2048 x 1536<\/td>\n<\/tr>\n<tr>\n<td>Tastatur\/Maus-Emulation<\/td>\n<td>ja (TTU* mit USB 1.1)<\/td>\n<\/tr>\n<tr>\n<td>Display-Emulation<\/td>\n<td>ja (A.S.R.**)<\/td>\n<\/tr>\n<tr>\n<td>Autoscan<\/td>\n<td>5 ~ 60 Sek<\/td>\n<\/tr>\n<tr>\n<td>Stromversorgung<\/td>\n<td>\u00fcber mitgeliefertes externes Netzteil 9V \/ 2A DC 5mm Eingangsbuchse<\/td>\n<\/tr>\n<tr>\n<td>Bauart<\/td>\n<td>Desktop<\/td>\n<\/tr>\n<tr>\n<td>Abmessungen (B x T x H)<\/td>\n<td>165 x 94 x 45 mm<\/td>\n<\/tr>\n<\/tbody>\n<\/table>\n","protected":false},"excerpt":{"rendered":"<p>NEU+ OVP<\/p>\n<p>2-fach DVI + USB3.0 + TTU KVM-Switch<\/p>\n","protected":false},"featured_media":649,"comment_status":"open","ping_status":"closed","template":"","meta":[],"_links":{"self":[{"href":"https:\/\/scs-computer-service.de\/de\/wp-json\/wp\/v2\/product\/24"}],"collection":[{"href":"https:\/\/scs-computer-service.de\/de\/wp-json\/wp\/v2\/product"}],"about":[{"href":"https:\/\/scs-computer-service.de\/de\/wp-json\/wp\/v2\/types\/product"}],"replies":[{"embeddable":true,"href":"https:\/\/scs-computer-service.de\/de\/wp-json\/wp\/v2\/comments?post=24"}],"wp:featuredmedia":[{"embeddable":true,"href":"https:\/\/scs-computer-service.de\/de\/wp-json\/wp\/v2\/media\/649"}],"wp:attachment":[{"href":"https:\/\/scs-computer-service.de\/de\/wp-json\/wp\/v2\/media?parent=24"}],"curies":[{"name":"wp","href":"https:\/\/api.w.org\/{rel}","templated":true}]}}