{"id":20,"date":"2020-09-17T14:59:24","date_gmt":"2020-09-17T12:59:24","guid":{"rendered":"https:\/\/scs-kasse24.de\/produkt\/import-placeholder-for-66\/"},"modified":"2023-04-03T12:17:17","modified_gmt":"2023-04-03T10:17:17","slug":"beetle-icheck","status":"publish","type":"product","link":"https:\/\/scs-computer-service.de\/de\/produkt\/beetle-icheck\/","title":{"rendered":"BEETLE iCheck"},"content":{"rendered":"<p>Das Abfrage-Terminal Beetle \/ iCheck von Wincor\/Nixdorf ist mit einem LAN Anschluss ausgestattet.<\/p>\n<p>Der BEETLE \/iCHECK besitzt ein Vakuum-Fluoreszenz-Display (VFD) mit zwei oder vier Zeilen und jeweils 20 alphanumerischen Zeichen. Die Zeichenh\u00f6he betr\u00e4gt 9,5 mm (2 Zeilen) oder 5 mm (4 Zeilen). Die Zeichenbreite entspricht 6,2 mm (bei 2 Zeilen) und 3 mm (bei 4 Zeilen). Es werden der Standardzeichensatz und der entsprechende L\u00e4ndercode verwendet. Durch den Einsatz der VFD-Technik wird eine ergonomisch g\u00fcnstige Lesbarkeit der Anzeige gew\u00e4hrleistet, die unabh\u00e4ngig vom Blickwinkel des Bedieners ist. Das Abfrageterminal wird \u00fcber ein geschirmtes Ethernetkabel an das Netzwerk angeschlossen. Das geschirmte Ethernetkabel muss separat bestellt werden und mit dem beiliegenden Klappferrit ausger\u00fcstet werden. Der BEETLE \/iCHECK kann mit einer festen Ethernet-Adresse oder mit DHCP betrieben werden. Die Administration der f\u00fcr den Betrieb notwendigen Netzwerkeinstellungen erfolgt \u00fcber Barcodelabels bzw. mit Hilfe einer browser-basierten Administrations-Software. Der BEETLE \/iCHECK ist alternativ mit einem 1D- oder 2D- Barcodeleser ausgestattet. Der Single Line 1D-Barcodescanner verarbeitet ausschlie\u00dflich<\/p>\n<p>1D-Barcodelabels. Der 2D- Barcodeleser erm\u00f6glicht zus\u00e4tzlich zum Lesen von 2D- Barcodelabels das Scannen von 1D- Barcodelabels. Das Scannen von 1D-Barcodelabels ist mit dem 2D-Barcodeleser komfortabel ohne Ausrichten des Barcodelabels m\u00f6glich, da er ein omni-direktionales Muster zum Dekodieren der Label-Information benutzt . Die Administration der Scanner-Settings wird durch Programmier-Barcodelabels erm\u00f6glicht. Die Spannungsversorgung mit 5 V DC erfolgt \u00fcber ein separates Netzteil, das zum Lieferumfang geh\u00f6rt. Der Server eines BEETLE \/iCHECK ben\u00f6tigt Betriebssysteme, die Netzwerke (z.B. TCP\/IP) unterst\u00fctzen.<\/p>\n<p>&nbsp;<\/p>\n<p>&nbsp;<\/p>\n<table>\n<tbody>\n<tr>\n<td>Hersteller<\/td>\n<td>Wincor Nixdorf<\/td>\n<\/tr>\n<tr>\n<td>Herstellernummer<\/td>\n<td>01750124208<\/td>\n<\/tr>\n<tr>\n<td>Modell<\/td>\n<td>BA 66 Kundenanzeige, 4.zeilig, schwarz<\/td>\n<\/tr>\n<tr>\n<td>Schnittstelle<\/td>\n<td>Ethernet (LAN)<\/td>\n<\/tr>\n<tr>\n<td>Scanner<\/td>\n<td>2D<\/td>\n<\/tr>\n<tr>\n<td>Maximale Aufl\u00f6sung<\/td>\n<td>4 Zeilen mal 20 Zeichen, pro Buchstabe 5 Pixel breite und 7 Pixel H\u00f6he<\/td>\n<\/tr>\n<tr>\n<td>Farbe<\/td>\n<td>schwarz, silber<\/td>\n<\/tr>\n<tr>\n<td>Lieferumfang<\/td>\n<td>wird ohne Zubeh\u00f6r geliefert<\/td>\n<\/tr>\n<\/tbody>\n<\/table>\n","protected":false},"excerpt":{"rendered":"<p>Wincor Nixdorf (01750124208) BEETLE ICHECK LAN 4-LINE 2D<\/p>\n","protected":false},"featured_media":693,"comment_status":"open","ping_status":"closed","template":"","meta":[],"_links":{"self":[{"href":"https:\/\/scs-computer-service.de\/de\/wp-json\/wp\/v2\/product\/20"}],"collection":[{"href":"https:\/\/scs-computer-service.de\/de\/wp-json\/wp\/v2\/product"}],"about":[{"href":"https:\/\/scs-computer-service.de\/de\/wp-json\/wp\/v2\/types\/product"}],"replies":[{"embeddable":true,"href":"https:\/\/scs-computer-service.de\/de\/wp-json\/wp\/v2\/comments?post=20"}],"wp:featuredmedia":[{"embeddable":true,"href":"https:\/\/scs-computer-service.de\/de\/wp-json\/wp\/v2\/media\/693"}],"wp:attachment":[{"href":"https:\/\/scs-computer-service.de\/de\/wp-json\/wp\/v2\/media?parent=20"}],"curies":[{"name":"wp","href":"https:\/\/api.w.org\/{rel}","templated":true}]}}