{"id":58,"date":"2020-09-17T15:17:08","date_gmt":"2020-09-17T13:17:08","guid":{"rendered":"https:\/\/scs-kasse24.de\/homepage\/"},"modified":"2021-11-23T14:41:47","modified_gmt":"2021-11-23T13:41:47","slug":"homepage","status":"publish","type":"page","link":"https:\/\/scs-computer-service.de\/de\/","title":{"rendered":"Homepage"},"content":{"rendered":"\n<div style=\"height:21px\" aria-hidden=\"true\" class=\"wp-block-spacer\"><\/div>\n\n\n\n<div class=\"wp-block-group homepage-left-content\"><div class=\"wp-block-group__inner-container\">\n<h2><span>Produkte<\/span><\/h2>\n\n\n<div class=\"wc-block-product-categories widget_product_categories is-list\"><ul class=\"wc-block-product-categories-list wc-block-product-categories-list--depth-0\">\n\t\t\t\t<li class=\"wc-block-product-categories-list-item\">\n\t\t\t\t\t<a href=\"https:\/\/scs-computer-service.de\/de\/produkt-kategorie\/tischscanner\/\">\n\t\t\t\t\t\tScanner\n\t\t\t\t\t<\/a>\n\t\t\t\t\t\n\t\t\t\t\t\n\t\t\t\t<\/li>\n\t\t\t\n\t\t\t\t<li class=\"wc-block-product-categories-list-item\">\n\t\t\t\t\t<a href=\"https:\/\/scs-computer-service.de\/de\/produkt-kategorie\/touchkasse\/\">\n\t\t\t\t\t\tTouchkasse\n\t\t\t\t\t<\/a>\n\t\t\t\t\t\n\t\t\t\t\t\n\t\t\t\t<\/li>\n\t\t\t\n\t\t\t\t<li class=\"wc-block-product-categories-list-item\">\n\t\t\t\t\t<a href=\"https:\/\/scs-computer-service.de\/de\/produkt-kategorie\/zubehoer\/\">\n\t\t\t\t\t\tZubeh\u00f6r\n\t\t\t\t\t<\/a>\n\t\t\t\t\t\n\t\t\t\t\t\n\t\t\t\t<\/li>\n\t\t\t\n\t\t\t\t<li class=\"wc-block-product-categories-list-item\">\n\t\t\t\t\t<a href=\"https:\/\/scs-computer-service.de\/de\/produkt-kategorie\/kassen\/\">\n\t\t\t\t\t\tKassen\n\t\t\t\t\t<\/a>\n\t\t\t\t\t\n\t\t\t\t\t\n\t\t\t\t<\/li>\n\t\t\t\n\t\t\t\t<li class=\"wc-block-product-categories-list-item\">\n\t\t\t\t\t<a href=\"https:\/\/scs-computer-service.de\/de\/produkt-kategorie\/kundenbildschirme\/\">\n\t\t\t\t\t\tKundenbildschirme\n\t\t\t\t\t<\/a>\n\t\t\t\t\t\n\t\t\t\t\t\n\t\t\t\t<\/li>\n\t\t\t\n\t\t\t\t<li class=\"wc-block-product-categories-list-item\">\n\t\t\t\t\t<a href=\"https:\/\/scs-computer-service.de\/de\/produkt-kategorie\/bedienerbildschrime\/\">\n\t\t\t\t\t\tBedienerbildschrime\n\t\t\t\t\t<\/a>\n\t\t\t\t\t\n\t\t\t\t\t\n\t\t\t\t<\/li>\n\t\t\t<\/ul><\/div>\n\n\n<p><\/p>\n<\/div><\/div>\n\n\n\n<div class=\"wp-block-group homepage-right-content\"><div class=\"wp-block-group__inner-container\">\n<h2 class=\"has-text-align-left\"><span>Neu im Bestand<\/span><\/h2>\n\n\n<div class=\"wc-block-grid wp-block-product-new wc-block-product-new has-4-columns\"><ul class=\"wc-block-grid__products\"><li class=\"wc-block-grid__product\">\n\t\t\t\t<a href=\"https:\/\/scs-computer-service.de\/de\/produkt\/01750162479-magellan-8xxx-netzteil\/\" class=\"wc-block-grid__product-link\">\n\t\t\t\t\t<div class=\"wc-block-grid__product-image\"><img width=\"300\" height=\"300\" src=\"https:\/\/scs-computer-service.de\/wp-content\/uploads\/2021\/06\/Mag.8400-mt.wz_-300x300.jpg\" class=\"attachment-woocommerce_thumbnail size-woocommerce_thumbnail\" alt=\"\" loading=\"lazy\" srcset=\"https:\/\/scs-computer-service.de\/wp-content\/uploads\/2021\/06\/Mag.8400-mt.wz_-300x300.jpg 300w, https:\/\/scs-computer-service.de\/wp-content\/uploads\/2021\/06\/Mag.8400-mt.wz_-150x150.jpg 150w, https:\/\/scs-computer-service.de\/wp-content\/uploads\/2021\/06\/Mag.8400-mt.wz_-75x75.jpg 75w, https:\/\/scs-computer-service.de\/wp-content\/uploads\/2021\/06\/Mag.8400-mt.wz_-444x444.jpg 444w, https:\/\/scs-computer-service.de\/wp-content\/uploads\/2021\/06\/Mag.8400-mt.wz_-100x100.jpg 100w\" sizes=\"(max-width: 300px) 100vw, 300px\" \/><\/div>\n\t\t\t\t\t<div class=\"wc-block-grid__product-title\">01750162479 Magellan 8xxx Netzteil<\/div>\n\t\t\t\t<\/a>\n\t\t\t\t\n\t\t\t\t<div class=\"wc-block-grid__product-price price\"><span class=\"woocommerce-Price-amount amount\"><bdi>25,00<span class=\"woocommerce-Price-currencySymbol\"> \u20ac <\/span><\/bdi><\/span>\n\n    <p class=\"wc-gzd-additional-info tax-info\">inkl. 19 % MwSt.<\/p>\n\n<\/div>\n\t\t\t\t\n\t\t\t\t\n\t\t\t<\/li><li class=\"wc-block-grid__product\">\n\t\t\t\t<a href=\"https:\/\/scs-computer-service.de\/de\/produkt\/diebold-nixdorf-beetle-a1150-serie\/\" class=\"wc-block-grid__product-link\">\n\t\t\t\t\t<div class=\"wc-block-grid__product-image\"><img width=\"300\" height=\"300\" src=\"https:\/\/scs-computer-service.de\/wp-content\/uploads\/2021\/02\/IMG_0004-300x300.jpg\" class=\"attachment-woocommerce_thumbnail size-woocommerce_thumbnail\" alt=\"\" loading=\"lazy\" srcset=\"https:\/\/scs-computer-service.de\/wp-content\/uploads\/2021\/02\/IMG_0004-300x300.jpg 300w, https:\/\/scs-computer-service.de\/wp-content\/uploads\/2021\/02\/IMG_0004-150x150.jpg 150w, https:\/\/scs-computer-service.de\/wp-content\/uploads\/2021\/02\/IMG_0004-75x75.jpg 75w, https:\/\/scs-computer-service.de\/wp-content\/uploads\/2021\/02\/IMG_0004-100x100.jpg 100w\" sizes=\"(max-width: 300px) 100vw, 300px\" \/><\/div>\n\t\t\t\t\t<div class=\"wc-block-grid__product-title\">01750342053 Diebold Nixdorf Beetle A1150 Serie<\/div>\n\t\t\t\t<\/a>\n\t\t\t\t\n\t\t\t\t<div class=\"wc-block-grid__product-price price\"><span class=\"woocommerce-Price-amount amount\"><bdi>3.150,00<span class=\"woocommerce-Price-currencySymbol\"> \u20ac <\/span><\/bdi><\/span>\n\n    <p class=\"wc-gzd-additional-info tax-info\">inkl. 19 % MwSt.<\/p>\n\n<\/div>\n\t\t\t\t\n\t\t\t\t\n\t\t\t<\/li><li class=\"wc-block-grid__product\">\n\t\t\t\t<a href=\"https:\/\/scs-computer-service.de\/de\/produkt\/diebold-nixdorf-beetle-ipos-xl\/\" class=\"wc-block-grid__product-link\">\n\t\t\t\t\t<div class=\"wc-block-grid__product-image\"><img width=\"300\" height=\"300\" src=\"https:\/\/scs-computer-service.de\/wp-content\/uploads\/2021\/02\/Beetle-Ipos-Front-300x300.jpg\" class=\"attachment-woocommerce_thumbnail size-woocommerce_thumbnail\" alt=\"\" loading=\"lazy\" srcset=\"https:\/\/scs-computer-service.de\/wp-content\/uploads\/2021\/02\/Beetle-Ipos-Front-300x300.jpg 300w, https:\/\/scs-computer-service.de\/wp-content\/uploads\/2021\/02\/Beetle-Ipos-Front-150x150.jpg 150w, https:\/\/scs-computer-service.de\/wp-content\/uploads\/2021\/02\/Beetle-Ipos-Front-75x75.jpg 75w, https:\/\/scs-computer-service.de\/wp-content\/uploads\/2021\/02\/Beetle-Ipos-Front-100x100.jpg 100w\" sizes=\"(max-width: 300px) 100vw, 300px\" \/><\/div>\n\t\t\t\t\t<div class=\"wc-block-grid__product-title\">01750303796 Diebold Nixdorf Beetle iPOS XL<\/div>\n\t\t\t\t<\/a>\n\t\t\t\t\n\t\t\t\t<div class=\"wc-block-grid__product-price price\"><span class=\"woocommerce-Price-amount amount\"><bdi>2.500,00<span class=\"woocommerce-Price-currencySymbol\"> \u20ac <\/span><\/bdi><\/span>\n\n    <p class=\"wc-gzd-additional-info tax-info\">inkl. 19 % MwSt.<\/p>\n\n<\/div>\n\t\t\t\t\n\t\t\t\t\n\t\t\t<\/li><li class=\"wc-block-grid__product\">\n\t\t\t\t<a href=\"https:\/\/scs-computer-service.de\/de\/produkt\/wincor-nixdorf-beetle-m-ii-plus-mit-raid-3x-hdd-500gb\/\" class=\"wc-block-grid__product-link\">\n\t\t\t\t\t<div class=\"wc-block-grid__product-image\"><img width=\"300\" height=\"300\" src=\"https:\/\/scs-computer-service.de\/wp-content\/uploads\/2021\/01\/Beetle-M-II-PLUS-G41-LGY_1-mW1-300x300.jpg\" class=\"attachment-woocommerce_thumbnail size-woocommerce_thumbnail\" alt=\"\" loading=\"lazy\" srcset=\"https:\/\/scs-computer-service.de\/wp-content\/uploads\/2021\/01\/Beetle-M-II-PLUS-G41-LGY_1-mW1-300x300.jpg 300w, https:\/\/scs-computer-service.de\/wp-content\/uploads\/2021\/01\/Beetle-M-II-PLUS-G41-LGY_1-mW1-150x150.jpg 150w, https:\/\/scs-computer-service.de\/wp-content\/uploads\/2021\/01\/Beetle-M-II-PLUS-G41-LGY_1-mW1-75x75.jpg 75w, https:\/\/scs-computer-service.de\/wp-content\/uploads\/2021\/01\/Beetle-M-II-PLUS-G41-LGY_1-mW1-100x100.jpg 100w\" sizes=\"(max-width: 300px) 100vw, 300px\" \/><\/div>\n\t\t\t\t\t<div class=\"wc-block-grid__product-title\">01750238067 Wincor Nixdorf Beetle M-II plus mit Raid 3x HDD 500GB<\/div>\n\t\t\t\t<\/a>\n\t\t\t\t\n\t\t\t\t<div class=\"wc-block-grid__product-price price\"><span class=\"woocommerce-Price-amount amount\"><bdi>175,00<span class=\"woocommerce-Price-currencySymbol\"> \u20ac <\/span><\/bdi><\/span>\n\n    <p class=\"wc-gzd-additional-info tax-info\">inkl. 19 % MwSt.<\/p>\n\n<\/div>\n\t\t\t\t\n\t\t\t\t\n\t\t\t<\/li><\/ul><\/div>\n\n\n<div style=\"height:27px\" aria-hidden=\"true\" class=\"wp-block-spacer\"><\/div>\n\n\n\n<div class=\"wp-block-group alignfull homepage-service-banner bldur-bg\"><div class=\"wp-block-group__inner-container\">\n<h3 class=\"has-text-align-left special-title\">Ersatzteile, Wartung- &amp; Reparatur\u00adservice<\/h3>\n\n\n\n<div class=\"wp-block-buttons is-content-justification-left special-button\">\n<div class=\"wp-block-button\"><a class=\"wp-block-button__link no-border-radius\" href=\".\/ersatzteile-wartung-reparaturservice\/\"><strong>Jetzt Anfragen<\/strong><\/a><\/div>\n<\/div>\n\n\n\n<div class=\"wp-block-columns alignwide full-width-inner background-image\">\n<div class=\"wp-block-column is-vertically-aligned-center outer-margin-a\" style=\"flex-basis:55%\">\n<div style=\"height:20px\" aria-hidden=\"true\" class=\"wp-block-spacer\"><\/div>\n\n\n\n<p class=\"has-text-align-left has-black-color has-text-color\"><span style=\"color:#565656\" class=\"has-inline-color\">Wir verf\u00fcgen \u00fcber einen umfangreichen Ersatzteilbestand und sind in der Lage die meisten Ger\u00e4te auf Basis von Pauschalpreisen zu reparieren.<\/span><\/p>\n\n\n\n<ul class=\"checkmark-list\"><li>ERSATZTEILE VON <span style=\"color:#08a997\" class=\"has-inline-color\">DIEBOLD NIXDORF <\/span>UND ANDEREN TOP HERSTELLERN &nbsp;<\/li><li>DAS SCS-RUNDUMPAKET&nbsp;<\/li><li>SERVICE MIT LANGJ\u00c4HRIGER ERFAHRUNG&nbsp;<\/li><\/ul>\n<\/div>\n\n\n\n<div class=\"wp-block-column is-vertically-aligned-center outer-margin-b\"><\/div>\n<\/div>\n<\/div><\/div>\n\n\n\n<div class=\"wp-block-group alignfull homepage-logo-banner\"><div class=\"wp-block-group__inner-container\">\n<div class=\"wp-block-columns full-width-inner\">\n<div class=\"wp-block-column is-vertically-aligned-center\">\n<figure class=\"wp-block-image size-large\"><img loading=\"lazy\" width=\"260\" height=\"120\" src=\"\/wp-content\/uploads\/2020\/09\/logo-wincor-nixdorf-grey.svg\" alt=\"\" class=\"wp-image-208\"\/><\/figure>\n<\/div>\n\n\n\n<div class=\"wp-block-column is-vertically-aligned-center\">\n<figure class=\"wp-block-image size-large\"><img loading=\"lazy\" width=\"500\" height=\"235\" src=\"\/wp-content\/uploads\/2020\/09\/logo-fujitsu-grey.svg\" alt=\"\" class=\"wp-image-207\"\/><\/figure>\n<\/div>\n\n\n\n<div class=\"wp-block-column is-vertically-aligned-center\">\n<figure class=\"wp-block-image size-large\"><img loading=\"lazy\" width=\"119\" height=\"90\" src=\"\/wp-content\/uploads\/2020\/09\/logo-diebold_nixdorf_holding_germany.svg\" alt=\"\" class=\"wp-image-205\"\/><\/figure>\n<\/div>\n\n\n\n<div class=\"wp-block-column is-vertically-aligned-center\">\n<figure class=\"wp-block-image size-large\"><img loading=\"lazy\" width=\"210\" height=\"67\" src=\"\/wp-content\/uploads\/2020\/09\/logo-epson-grey.svg\" alt=\"\" class=\"wp-image-206\"\/><\/figure>\n<\/div>\n\n\n\n<div class=\"wp-block-column is-vertically-aligned-center\">\n<figure class=\"wp-block-image size-large\"><img loading=\"lazy\" width=\"623\" height=\"68\" src=\"\/wp-content\/uploads\/2020\/09\/logo-datalogic.svg\" alt=\"\" class=\"wp-image-204\"\/><\/figure>\n<\/div>\n<\/div>\n<\/div><\/div>\n<\/div><\/div>\n\n\n\n<div style=\"clear:both;\"><\/div>\n\n\n\n<div style=\"height:89px\" aria-hidden=\"true\" class=\"wp-block-spacer\"><\/div>\n\n\n\n<h2 class=\"has-text-align-left\"><span>Bestseller<\/span><\/h2>\n\n\n<div class=\"wc-block-grid wp-block-product-best-sellers wc-block-product-best-sellers has-5-columns\"><ul class=\"wc-block-grid__products\"><li class=\"wc-block-grid__product\">\n\t\t\t\t<a href=\"https:\/\/scs-computer-service.de\/de\/produkt\/01750247935-beetle-m-ii-plus-g41-motherboard\/\" class=\"wc-block-grid__product-link\">\n\t\t\t\t\t<div class=\"wc-block-grid__product-image\"><img width=\"300\" height=\"300\" src=\"https:\/\/scs-computer-service.de\/wp-content\/uploads\/2020\/09\/Beetle-G41-Board-01750247935-2mW-1-300x300.jpg\" class=\"attachment-woocommerce_thumbnail size-woocommerce_thumbnail\" alt=\"\" loading=\"lazy\" srcset=\"https:\/\/scs-computer-service.de\/wp-content\/uploads\/2020\/09\/Beetle-G41-Board-01750247935-2mW-1-300x300.jpg 300w, https:\/\/scs-computer-service.de\/wp-content\/uploads\/2020\/09\/Beetle-G41-Board-01750247935-2mW-1-150x150.jpg 150w, https:\/\/scs-computer-service.de\/wp-content\/uploads\/2020\/09\/Beetle-G41-Board-01750247935-2mW-1-75x75.jpg 75w, https:\/\/scs-computer-service.de\/wp-content\/uploads\/2020\/09\/Beetle-G41-Board-01750247935-2mW-1-444x444.jpg 444w, https:\/\/scs-computer-service.de\/wp-content\/uploads\/2020\/09\/Beetle-G41-Board-01750247935-2mW-1-100x100.jpg 100w\" sizes=\"(max-width: 300px) 100vw, 300px\" \/><\/div>\n\t\t\t\t\t<div class=\"wc-block-grid__product-title\">01750247935 Beetle M-II plus  G41 Motherboard<\/div>\n\t\t\t\t<\/a>\n\t\t\t\t\n\t\t\t\t<div class=\"wc-block-grid__product-price price\"><span class=\"woocommerce-Price-amount amount\"><bdi>59,00<span class=\"woocommerce-Price-currencySymbol\"> \u20ac <\/span><\/bdi><\/span>\n\n    <p class=\"wc-gzd-additional-info tax-info\">inkl. 19 % MwSt.<\/p>\n\n<\/div>\n\t\t\t\t\n\t\t\t\t\n\t\t\t<\/li><li class=\"wc-block-grid__product\">\n\t\t\t\t<a href=\"https:\/\/scs-computer-service.de\/de\/produkt\/adaptec-1220sa-raidcontroller\/\" class=\"wc-block-grid__product-link\">\n\t\t\t\t\t<div class=\"wc-block-grid__product-image\"><img width=\"300\" height=\"300\" src=\"https:\/\/scs-computer-service.de\/wp-content\/uploads\/2021\/01\/Adaptec-1220SA-1-300x300.jpg\" class=\"attachment-woocommerce_thumbnail size-woocommerce_thumbnail\" alt=\"\" loading=\"lazy\" srcset=\"https:\/\/scs-computer-service.de\/wp-content\/uploads\/2021\/01\/Adaptec-1220SA-1-300x300.jpg 300w, https:\/\/scs-computer-service.de\/wp-content\/uploads\/2021\/01\/Adaptec-1220SA-1-150x150.jpg 150w, https:\/\/scs-computer-service.de\/wp-content\/uploads\/2021\/01\/Adaptec-1220SA-1-75x75.jpg 75w, https:\/\/scs-computer-service.de\/wp-content\/uploads\/2021\/01\/Adaptec-1220SA-1-444x444.jpg 444w, https:\/\/scs-computer-service.de\/wp-content\/uploads\/2021\/01\/Adaptec-1220SA-1-100x100.jpg 100w\" sizes=\"(max-width: 300px) 100vw, 300px\" \/><\/div>\n\t\t\t\t\t<div class=\"wc-block-grid__product-title\">01750147285 Adaptec 1220SA Raidcontroller, Neu und OVP<\/div>\n\t\t\t\t<\/a>\n\t\t\t\t\n\t\t\t\t<div class=\"wc-block-grid__product-price price\"><span class=\"woocommerce-Price-amount amount\"><bdi>28,00<span class=\"woocommerce-Price-currencySymbol\"> \u20ac <\/span><\/bdi><\/span>\n\n    <p class=\"wc-gzd-additional-info tax-info\">inkl. 19 % MwSt.<\/p>\n\n<\/div>\n\t\t\t\t\n\t\t\t\t\n\t\t\t<\/li><li class=\"wc-block-grid__product\">\n\t\t\t\t<a href=\"https:\/\/scs-computer-service.de\/de\/produkt\/uniclass-al-832ask-professional\/\" class=\"wc-block-grid__product-link\">\n\t\t\t\t\t<div class=\"wc-block-grid__product-image\"><img width=\"300\" height=\"300\" src=\"https:\/\/scs-computer-service.de\/wp-content\/uploads\/2020\/12\/Uniclass-vorne-ohne-Kabel-1mW-300x300.jpg\" class=\"attachment-woocommerce_thumbnail size-woocommerce_thumbnail\" alt=\"\" loading=\"lazy\" srcset=\"https:\/\/scs-computer-service.de\/wp-content\/uploads\/2020\/12\/Uniclass-vorne-ohne-Kabel-1mW-300x300.jpg 300w, https:\/\/scs-computer-service.de\/wp-content\/uploads\/2020\/12\/Uniclass-vorne-ohne-Kabel-1mW-150x150.jpg 150w, https:\/\/scs-computer-service.de\/wp-content\/uploads\/2020\/12\/Uniclass-vorne-ohne-Kabel-1mW-75x75.jpg 75w, https:\/\/scs-computer-service.de\/wp-content\/uploads\/2020\/12\/Uniclass-vorne-ohne-Kabel-1mW-444x444.jpg 444w, https:\/\/scs-computer-service.de\/wp-content\/uploads\/2020\/12\/Uniclass-vorne-ohne-Kabel-1mW-100x100.jpg 100w\" sizes=\"(max-width: 300px) 100vw, 300px\" \/><\/div>\n\t\t\t\t\t<div class=\"wc-block-grid__product-title\">UNICLASS AL-832ASK Professional<\/div>\n\t\t\t\t<\/a>\n\t\t\t\t\n\t\t\t\t<div class=\"wc-block-grid__product-price price\"><span class=\"woocommerce-Price-amount amount\"><bdi>99,00<span class=\"woocommerce-Price-currencySymbol\"> \u20ac <\/span><\/bdi><\/span>\n\n    <p class=\"wc-gzd-additional-info tax-info\">inkl. 19 % MwSt.<\/p>\n\n<\/div>\n\t\t\t\t\n\t\t\t\t\n\t\t\t<\/li><li class=\"wc-block-grid__product\">\n\t\t\t\t<a href=\"https:\/\/scs-computer-service.de\/de\/produkt\/usb-a-datenkabel-magellan-9xxx\/\" class=\"wc-block-grid__product-link\">\n\t\t\t\t\t<div class=\"wc-block-grid__product-image\"><img width=\"300\" height=\"300\" src=\"https:\/\/scs-computer-service.de\/wp-content\/uploads\/2020\/09\/90A052135-1-300x300.jpg\" class=\"attachment-woocommerce_thumbnail size-woocommerce_thumbnail\" alt=\"\" loading=\"lazy\" srcset=\"https:\/\/scs-computer-service.de\/wp-content\/uploads\/2020\/09\/90A052135-1-300x300.jpg 300w, https:\/\/scs-computer-service.de\/wp-content\/uploads\/2020\/09\/90A052135-1-150x150.jpg 150w, https:\/\/scs-computer-service.de\/wp-content\/uploads\/2020\/09\/90A052135-1-13x12.jpg 13w, https:\/\/scs-computer-service.de\/wp-content\/uploads\/2020\/09\/90A052135-1-75x75.jpg 75w, https:\/\/scs-computer-service.de\/wp-content\/uploads\/2020\/09\/90A052135-1-444x444.jpg 444w, https:\/\/scs-computer-service.de\/wp-content\/uploads\/2020\/09\/90A052135-1-100x100.jpg 100w\" sizes=\"(max-width: 300px) 100vw, 300px\" \/><\/div>\n\t\t\t\t\t<div class=\"wc-block-grid__product-title\">90A052135 USB-A Datenkabel Magellan 9xxx<\/div>\n\t\t\t\t<\/a>\n\t\t\t\t\n\t\t\t\t<div class=\"wc-block-grid__product-price price\"><span class=\"woocommerce-Price-amount amount\"><bdi>25,00<span class=\"woocommerce-Price-currencySymbol\"> \u20ac <\/span><\/bdi><\/span>\n\n    <p class=\"wc-gzd-additional-info tax-info\">inkl. 19 % MwSt.<\/p>\n\n<\/div>\n\t\t\t\t\n\t\t\t\t\n\t\t\t<\/li><li class=\"wc-block-grid__product\">\n\t\t\t\t<a href=\"https:\/\/scs-computer-service.de\/de\/produkt\/pospole-halterung-1x-vesa-74-1x-haltearm-vesa-75-100\/\" class=\"wc-block-grid__product-link\">\n\t\t\t\t\t<div class=\"wc-block-grid__product-image\"><img width=\"300\" height=\"300\" src=\"https:\/\/scs-computer-service.de\/wp-content\/uploads\/2020\/10\/Psopole-Standfuss-300x300.jpg\" class=\"attachment-woocommerce_thumbnail size-woocommerce_thumbnail\" alt=\"\" loading=\"lazy\" srcset=\"https:\/\/scs-computer-service.de\/wp-content\/uploads\/2020\/10\/Psopole-Standfuss-300x300.jpg 300w, https:\/\/scs-computer-service.de\/wp-content\/uploads\/2020\/10\/Psopole-Standfuss-150x150.jpg 150w, https:\/\/scs-computer-service.de\/wp-content\/uploads\/2020\/10\/Psopole-Standfuss-75x75.jpg 75w, https:\/\/scs-computer-service.de\/wp-content\/uploads\/2020\/10\/Psopole-Standfuss-444x444.jpg 444w, https:\/\/scs-computer-service.de\/wp-content\/uploads\/2020\/10\/Psopole-Standfuss-100x100.jpg 100w\" sizes=\"(max-width: 300px) 100vw, 300px\" \/><\/div>\n\t\t\t\t\t<div class=\"wc-block-grid__product-title\">Pospole Halterung 1x Vesa 75, 1x Haltearm+ Vesa 75\/100<\/div>\n\t\t\t\t<\/a>\n\t\t\t\t\n\t\t\t\t<div class=\"wc-block-grid__product-price price\"><span class=\"woocommerce-Price-amount amount\"><bdi>180,00<span class=\"woocommerce-Price-currencySymbol\"> \u20ac <\/span><\/bdi><\/span>\n\n    <p class=\"wc-gzd-additional-info tax-info\">inkl. 19 % MwSt.<\/p>\n\n<\/div>\n\t\t\t\t\n\t\t\t\t\n\t\t\t<\/li><\/ul><\/div>\n\n\n<div style=\"height:73px\" aria-hidden=\"true\" class=\"wp-block-spacer\"><\/div>\n\n\n\n<div class=\"wp-block-columns homepage-usp-banner\">\n<div class=\"wp-block-column\">\n<div class=\"wp-block-image\"><figure class=\"aligncenter size-large is-resized\"><img loading=\"lazy\" src=\"\/wp-content\/uploads\/2020\/09\/icon-schnelle-lieferzeiten.svg\" alt=\"\" class=\"wp-image-186\" width=\"128\" height=\"75\"\/><\/figure><\/div>\n\n\n\n<h4 class=\"has-text-align-center\">Schnelle Lieferzeiten<\/h4>\n\n\n\n<p class=\"has-text-align-center\">Die Lieferung Ihrer Bestellung erfolgt schnell, sicher und zuverl\u00e4ssig.<\/p>\n<\/div>\n\n\n\n<div class=\"wp-block-column\">\n<div class=\"wp-block-image\"><figure class=\"aligncenter size-large is-resized\"><img loading=\"lazy\" src=\"\/wp-content\/uploads\/2020\/09\/icon-40-jahre-erfahrung.svg\" alt=\"\" class=\"wp-image-183\" width=\"121\" height=\"75\"\/><\/figure><\/div>\n\n\n\n<h4 class=\"has-text-align-center\">\u00dcber 40 Jahre Erfahrung<\/h4>\n\n\n\n<p class=\"has-text-align-center\">Lassen Sie sich von uns beraten.<\/p>\n<\/div>\n\n\n\n<div class=\"wp-block-column\">\n<div class=\"wp-block-image\"><figure class=\"aligncenter size-large is-resized\"><img loading=\"lazy\" src=\"\/wp-content\/uploads\/2020\/09\/icon-kompetente-beratung.svg\" alt=\"\" class=\"wp-image-185\" width=\"121\" height=\"75\"\/><\/figure><\/div>\n\n\n\n<h4 class=\"has-text-align-center\">Kompetente Fachberatung<\/h4>\n\n\n\n<p class=\"has-text-align-center\">Wir beraten Sie gerne &#8211; per Telefon,<br>E-Mail und vor Ort bei Ihnen.<\/p>\n<\/div>\n\n\n\n<div class=\"wp-block-column\">\n<div class=\"wp-block-image\"><figure class=\"aligncenter size-large is-resized\"><img loading=\"lazy\" src=\"\/wp-content\/uploads\/2020\/09\/icon-kaufen-ohne-bedenken.svg\" alt=\"\" class=\"wp-image-184\" width=\"121\" height=\"75\"\/><\/figure><\/div>\n\n\n\n<h4 class=\"has-text-align-center\">Kaufen ohne Bedenken<\/h4>\n\n\n\n<p class=\"has-text-align-center\">Jetzt einfach und risikofrei bestellen mit unseren verschiedenen Bezahlarten.<\/p>\n<\/div>\n<\/div>\n\n\n\n<div style=\"height:51px\" aria-hidden=\"true\" class=\"wp-block-spacer\"><\/div>\n\n\n\n<h2 class=\"has-text-align-left\"><span>Das sagen unsere Kunden<\/span><\/h2>\n\n\n\n<div class=\"wp-block-woocommerce-all-reviews wc-block-all-reviews home-reviews has-name has-date has-rating has-content\" data-image-type=\"reviewer\" data-orderby=\"highest-rating\" data-reviews-on-page-load=\"10\" data-reviews-on-load-more=\"10\" data-show-load-more=\"false\" data-show-orderby=\"false\"><\/div>\n\n\n\n<p><\/p>\n","protected":false},"excerpt":{"rendered":"<p>Wir sind einer der exklusiven Nixdorf Partnern in Deutschland. <img src=\"\/wp-content\/uploads\/2020\/09\/logo-dn-partner-logo-authorized.png\" width=\"100%\"\/>|Leasing ist das neue kaufen, sprechen Sie uns darauf an!|<br \/>\nSeit 50 Jahren an Ihrer Seite und bereit f\u00fcr die Zukunft.Bereits in der 3ten Generation.|<br \/>\nErsatzteillieferant f\u00fcr Diebold Nixdorf Produkte im Point of Sale.|<\/p>\n","protected":false},"author":1,"featured_media":244,"parent":0,"menu_order":0,"comment_status":"closed","ping_status":"closed","template":"","meta":[],"_links":{"self":[{"href":"https:\/\/scs-computer-service.de\/de\/wp-json\/wp\/v2\/pages\/58"}],"collection":[{"href":"https:\/\/scs-computer-service.de\/de\/wp-json\/wp\/v2\/pages"}],"about":[{"href":"https:\/\/scs-computer-service.de\/de\/wp-json\/wp\/v2\/types\/page"}],"author":[{"embeddable":true,"href":"https:\/\/scs-computer-service.de\/de\/wp-json\/wp\/v2\/users\/1"}],"replies":[{"embeddable":true,"href":"https:\/\/scs-computer-service.de\/de\/wp-json\/wp\/v2\/comments?post=58"}],"version-history":[{"count":170,"href":"https:\/\/scs-computer-service.de\/de\/wp-json\/wp\/v2\/pages\/58\/revisions"}],"predecessor-version":[{"id":943,"href":"https:\/\/scs-computer-service.de\/de\/wp-json\/wp\/v2\/pages\/58\/revisions\/943"}],"wp:featuredmedia":[{"embeddable":true,"href":"https:\/\/scs-computer-service.de\/de\/wp-json\/wp\/v2\/media\/244"}],"wp:attachment":[{"href":"https:\/\/scs-computer-service.de\/de\/wp-json\/wp\/v2\/media?parent=58"}],"curies":[{"name":"wp","href":"https:\/\/api.w.org\/{rel}","templated":true}]}}